{"id":115,"date":"2022-04-27T08:32:19","date_gmt":"2022-04-27T06:32:19","guid":{"rendered":"https:\/\/globalacoustic.fr\/?post_type=product&#038;p=115"},"modified":"2022-04-27T08:32:20","modified_gmt":"2022-04-27T06:32:20","slug":"location-sonorisation","status":"publish","type":"product","link":"https:\/\/globalacoustic.fr\/index.php\/produit\/location-sonorisation\/","title":{"rendered":"\u00c9cran de projection avec tr\u00e9pied 203 x 203 cm"},"content":{"rendered":"<div class=\"col-xs-12 col-md-6\">\n<div class=\"description\">Ecran de Projection, Ecran de Vid\u00e9o Projecteur, Toile de Projection avec 1 Tr\u00e9pied, R\u00e9glable Blanc TECTAKE.<br \/>\n\u2022 Vous voulez r\u00e9aliser une pr\u00e9sentation originale ? : avec cet \u00e9cran de projection, votre souhait devient possible !<br \/>\n\u2022 Installez-vous confortablement dans votre fauteuil ou votre canap\u00e9 et regardez tous vos films, s\u00e9ries, documentaires, photos sur grand \u00e9cran avec une nettet\u00e9 et une brillance exceptionnelle.<br \/>\n\u2022 Invitez vos amis pour visionner vos films de vacances et partagez un moment agr\u00e9able lors d&#8217;une projection publique dans votre salon.<br \/>\n\u2022 Il peut aussi \u00eatre utilis\u00e9 pour le home cin\u00e9ma, les pr\u00e9sentations commerciales ou encore l&#8217;enseignement.<br \/>\n\u2022 La hauteur peut \u00eatre r\u00e9gl\u00e9e en continu, ce qui rend l&#8217;\u00e9cran de projection compatible avec les formats 1:1, 4:3, 16:9 et d&#8217;autres encore.<br \/>\n\u2022 La surface de projection est compatible au mode HD. \u2022 Son entretien est facile gr\u00e2ce au tissu enduit de PVC qui le compose.<br \/>\n\u2022 L&#8217;\u00e9cran de projection avec tr\u00e9pied se distingue par une r\u00e9alisation tr\u00e8s soign\u00e9e.<\/div>\n<\/div>\n<div class=\"col-xs-12 col-md-6\">\n<div class=\"product-best-attributes highlights\">\n<ul>\n<li>Utilisation polyvalente.<\/li>\n<li>R\u00e9glable en continu.<\/li>\n<li>Nettet\u00e9 et brillance.<\/li>\n<li>Convient pour les formats 1:1, 4:3, 16:9 et bien d&#8217;autres encore.<\/li>\n<li>Compatible au mode HD.<\/li>\n<li>Facteur de gain : environ 1,0.<\/li>\n<li>Facile d&#8217;entretien gr\u00e2ce au tissu enduit de PVC.<\/li>\n<\/ul>\n<\/div>\n<\/div>\n","protected":false},"excerpt":{"rendered":"<p>Ecran de Projection, Ecran de Vid\u00e9o Projecteur, Toile de Projection avec 1 Tr\u00e9pied, R\u00e9glable Blanc TECTAKE. \u2022<br \/>\nVous voulez r\u00e9aliser une pr\u00e9sentation originale ? :<br \/>\navec cet \u00e9cran de projection, votre souhait devient possible !<\/p>\n<ul>\n<li>Utilisation polyvalente.<\/li>\n<li>R\u00e9glable en continu.<\/li>\n<li>Nettet\u00e9 et brillance.<\/li>\n<li>Convient pour les formats 1:1, 4:3, 16:9 et bien d&#8217;autres encore.<\/li>\n<li>Compatible au mode HD.<\/li>\n<li>Facteur de gain : environ 1,0.<\/li>\n<li>Facile d&#8217;entretien gr\u00e2ce au tissu enduit de PVC.<\/li>\n<\/ul>\n","protected":false},"featured_media":116,"comment_status":"open","ping_status":"closed","template":"","meta":[],"product_brand":[],"product_cat":[15],"product_tag":[21],"class_list":{"0":"post-115","1":"product","2":"type-product","3":"status-publish","4":"has-post-thumbnail","6":"product_cat-video","7":"product_tag-video","9":"first","10":"instock","11":"taxable","12":"shipping-taxable","13":"product-type-simple"},"yoast_head":"<!-- This site is optimized with the Yoast SEO plugin v27.4 - https:\/\/yoast.com\/product\/yoast-seo-wordpress\/ -->\n<title>location-sonorisation<\/title>\n<meta name=\"description\" content=\"Produit-location-sonorisation-global acoustic-Plus de 30 ans d\u2019exp\u00e9rience \u00e0 votre service.\" \/>\n<meta name=\"robots\" content=\"index, follow, max-snippet:-1, max-image-preview:large, max-video-preview:-1\" \/>\n<link rel=\"canonical\" href=\"https:\/\/globalacoustic.fr\/index.php\/produit\/location-sonorisation\/\" \/>\n<meta property=\"og:locale\" content=\"en_US\" \/>\n<meta property=\"og:type\" content=\"article\" \/>\n<meta property=\"og:title\" content=\"location-sonorisation\" \/>\n<meta property=\"og:description\" content=\"Produit-location-sonorisation-global acoustic-Plus de 30 ans d\u2019exp\u00e9rience \u00e0 votre service.\" \/>\n<meta property=\"og:url\" content=\"https:\/\/globalacoustic.fr\/index.php\/produit\/location-sonorisation\/\" \/>\n<meta property=\"og:site_name\" content=\"Global Acoustic\" \/>\n<meta property=\"article:publisher\" content=\"https:\/\/m.facebook.com\/p\/Global-Acoustic-100070827399345\/\" \/>\n<meta property=\"article:modified_time\" content=\"2022-04-27T06:32:20+00:00\" \/>\n<meta property=\"og:image\" content=\"https:\/\/globalacoustic.fr\/wp-content\/uploads\/2022\/04\/Ecran-de-projection-avec-trepied-203-x-203-cm.webp\" \/>\n\t<meta property=\"og:image:width\" content=\"456\" \/>\n\t<meta property=\"og:image:height\" content=\"456\" \/>\n\t<meta property=\"og:image:type\" content=\"image\/webp\" \/>\n<meta name=\"twitter:card\" content=\"summary_large_image\" \/>\n<meta name=\"twitter:label1\" content=\"Est. reading time\" \/>\n\t<meta name=\"twitter:data1\" content=\"1 minute\" \/>\n<script type=\"application\/ld+json\" class=\"yoast-schema-graph\">{\"@context\":\"https:\\\/\\\/schema.org\",\"@graph\":[{\"@type\":\"WebPage\",\"@id\":\"https:\\\/\\\/globalacoustic.fr\\\/index.php\\\/produit\\\/location-sonorisation\\\/\",\"url\":\"https:\\\/\\\/globalacoustic.fr\\\/index.php\\\/produit\\\/location-sonorisation\\\/\",\"name\":\"location-sonorisation\",\"isPartOf\":{\"@id\":\"https:\\\/\\\/globalacoustic.fr\\\/#website\"},\"primaryImageOfPage\":{\"@id\":\"https:\\\/\\\/globalacoustic.fr\\\/index.php\\\/produit\\\/location-sonorisation\\\/#primaryimage\"},\"image\":{\"@id\":\"https:\\\/\\\/globalacoustic.fr\\\/index.php\\\/produit\\\/location-sonorisation\\\/#primaryimage\"},\"thumbnailUrl\":\"https:\\\/\\\/globalacoustic.fr\\\/wp-content\\\/uploads\\\/2022\\\/04\\\/Ecran-de-projection-avec-trepied-203-x-203-cm.webp\",\"datePublished\":\"2022-04-27T06:32:19+00:00\",\"dateModified\":\"2022-04-27T06:32:20+00:00\",\"description\":\"Produit-location-sonorisation-global acoustic-Plus de 30 ans d\u2019exp\u00e9rience \u00e0 votre service.\",\"breadcrumb\":{\"@id\":\"https:\\\/\\\/globalacoustic.fr\\\/index.php\\\/produit\\\/location-sonorisation\\\/#breadcrumb\"},\"inLanguage\":\"en-US\",\"potentialAction\":[{\"@type\":\"ReadAction\",\"target\":[\"https:\\\/\\\/globalacoustic.fr\\\/index.php\\\/produit\\\/location-sonorisation\\\/\"]}]},{\"@type\":\"ImageObject\",\"inLanguage\":\"en-US\",\"@id\":\"https:\\\/\\\/globalacoustic.fr\\\/index.php\\\/produit\\\/location-sonorisation\\\/#primaryimage\",\"url\":\"https:\\\/\\\/globalacoustic.fr\\\/wp-content\\\/uploads\\\/2022\\\/04\\\/Ecran-de-projection-avec-trepied-203-x-203-cm.webp\",\"contentUrl\":\"https:\\\/\\\/globalacoustic.fr\\\/wp-content\\\/uploads\\\/2022\\\/04\\\/Ecran-de-projection-avec-trepied-203-x-203-cm.webp\",\"width\":456,\"height\":456,\"caption\":\"\u00c9cran-de-projection-avec-tr\u00e9pied-203x203 cm\"},{\"@type\":\"BreadcrumbList\",\"@id\":\"https:\\\/\\\/globalacoustic.fr\\\/index.php\\\/produit\\\/location-sonorisation\\\/#breadcrumb\",\"itemListElement\":[{\"@type\":\"ListItem\",\"position\":1,\"name\":\"Accueil\",\"item\":\"https:\\\/\\\/globalacoustic.fr\\\/\"},{\"@type\":\"ListItem\",\"position\":2,\"name\":\"Location\",\"item\":\"https:\\\/\\\/globalacoustic.fr\\\/index.php\\\/location\\\/\"},{\"@type\":\"ListItem\",\"position\":3,\"name\":\"\u00c9cran de projection avec tr\u00e9pied 203 x 203 cm\"}]},{\"@type\":\"WebSite\",\"@id\":\"https:\\\/\\\/globalacoustic.fr\\\/#website\",\"url\":\"https:\\\/\\\/globalacoustic.fr\\\/\",\"name\":\"Global Acoustic\",\"description\":\"Le bon choix, au bon moment. Global Acoustic\",\"publisher\":{\"@id\":\"https:\\\/\\\/globalacoustic.fr\\\/#organization\"},\"alternateName\":\"globalacoustic.fr\",\"potentialAction\":[{\"@type\":\"SearchAction\",\"target\":{\"@type\":\"EntryPoint\",\"urlTemplate\":\"https:\\\/\\\/globalacoustic.fr\\\/?s={search_term_string}\"},\"query-input\":{\"@type\":\"PropertyValueSpecification\",\"valueRequired\":true,\"valueName\":\"search_term_string\"}}],\"inLanguage\":\"en-US\"},{\"@type\":\"Organization\",\"@id\":\"https:\\\/\\\/globalacoustic.fr\\\/#organization\",\"name\":\"Global Acoustic\",\"url\":\"https:\\\/\\\/globalacoustic.fr\\\/\",\"logo\":{\"@type\":\"ImageObject\",\"inLanguage\":\"en-US\",\"@id\":\"https:\\\/\\\/globalacoustic.fr\\\/#\\\/schema\\\/logo\\\/image\\\/\",\"url\":\"https:\\\/\\\/globalacoustic.fr\\\/wp-content\\\/uploads\\\/2022\\\/04\\\/cropped-logo-global-acoustic.jpg\",\"contentUrl\":\"https:\\\/\\\/globalacoustic.fr\\\/wp-content\\\/uploads\\\/2022\\\/04\\\/cropped-logo-global-acoustic.jpg\",\"width\":1080,\"height\":398,\"caption\":\"Global Acoustic\"},\"image\":{\"@id\":\"https:\\\/\\\/globalacoustic.fr\\\/#\\\/schema\\\/logo\\\/image\\\/\"},\"sameAs\":[\"https:\\\/\\\/m.facebook.com\\\/p\\\/Global-Acoustic-100070827399345\\\/\"]}]}<\/script>\n<!-- \/ Yoast SEO plugin. -->","yoast_head_json":{"title":"location-sonorisation","description":"Produit-location-sonorisation-global acoustic-Plus de 30 ans d\u2019exp\u00e9rience \u00e0 votre service.","robots":{"index":"index","follow":"follow","max-snippet":"max-snippet:-1","max-image-preview":"max-image-preview:large","max-video-preview":"max-video-preview:-1"},"canonical":"https:\/\/globalacoustic.fr\/index.php\/produit\/location-sonorisation\/","og_locale":"en_US","og_type":"article","og_title":"location-sonorisation","og_description":"Produit-location-sonorisation-global acoustic-Plus de 30 ans d\u2019exp\u00e9rience \u00e0 votre service.","og_url":"https:\/\/globalacoustic.fr\/index.php\/produit\/location-sonorisation\/","og_site_name":"Global Acoustic","article_publisher":"https:\/\/m.facebook.com\/p\/Global-Acoustic-100070827399345\/","article_modified_time":"2022-04-27T06:32:20+00:00","og_image":[{"width":456,"height":456,"url":"https:\/\/globalacoustic.fr\/wp-content\/uploads\/2022\/04\/Ecran-de-projection-avec-trepied-203-x-203-cm.webp","type":"image\/webp"}],"twitter_card":"summary_large_image","twitter_misc":{"Est. reading time":"1 minute"},"schema":{"@context":"https:\/\/schema.org","@graph":[{"@type":"WebPage","@id":"https:\/\/globalacoustic.fr\/index.php\/produit\/location-sonorisation\/","url":"https:\/\/globalacoustic.fr\/index.php\/produit\/location-sonorisation\/","name":"location-sonorisation","isPartOf":{"@id":"https:\/\/globalacoustic.fr\/#website"},"primaryImageOfPage":{"@id":"https:\/\/globalacoustic.fr\/index.php\/produit\/location-sonorisation\/#primaryimage"},"image":{"@id":"https:\/\/globalacoustic.fr\/index.php\/produit\/location-sonorisation\/#primaryimage"},"thumbnailUrl":"https:\/\/globalacoustic.fr\/wp-content\/uploads\/2022\/04\/Ecran-de-projection-avec-trepied-203-x-203-cm.webp","datePublished":"2022-04-27T06:32:19+00:00","dateModified":"2022-04-27T06:32:20+00:00","description":"Produit-location-sonorisation-global acoustic-Plus de 30 ans d\u2019exp\u00e9rience \u00e0 votre service.","breadcrumb":{"@id":"https:\/\/globalacoustic.fr\/index.php\/produit\/location-sonorisation\/#breadcrumb"},"inLanguage":"en-US","potentialAction":[{"@type":"ReadAction","target":["https:\/\/globalacoustic.fr\/index.php\/produit\/location-sonorisation\/"]}]},{"@type":"ImageObject","inLanguage":"en-US","@id":"https:\/\/globalacoustic.fr\/index.php\/produit\/location-sonorisation\/#primaryimage","url":"https:\/\/globalacoustic.fr\/wp-content\/uploads\/2022\/04\/Ecran-de-projection-avec-trepied-203-x-203-cm.webp","contentUrl":"https:\/\/globalacoustic.fr\/wp-content\/uploads\/2022\/04\/Ecran-de-projection-avec-trepied-203-x-203-cm.webp","width":456,"height":456,"caption":"\u00c9cran-de-projection-avec-tr\u00e9pied-203x203 cm"},{"@type":"BreadcrumbList","@id":"https:\/\/globalacoustic.fr\/index.php\/produit\/location-sonorisation\/#breadcrumb","itemListElement":[{"@type":"ListItem","position":1,"name":"Accueil","item":"https:\/\/globalacoustic.fr\/"},{"@type":"ListItem","position":2,"name":"Location","item":"https:\/\/globalacoustic.fr\/index.php\/location\/"},{"@type":"ListItem","position":3,"name":"\u00c9cran de projection avec tr\u00e9pied 203 x 203 cm"}]},{"@type":"WebSite","@id":"https:\/\/globalacoustic.fr\/#website","url":"https:\/\/globalacoustic.fr\/","name":"Global Acoustic","description":"Le bon choix, au bon moment. Global Acoustic","publisher":{"@id":"https:\/\/globalacoustic.fr\/#organization"},"alternateName":"globalacoustic.fr","potentialAction":[{"@type":"SearchAction","target":{"@type":"EntryPoint","urlTemplate":"https:\/\/globalacoustic.fr\/?s={search_term_string}"},"query-input":{"@type":"PropertyValueSpecification","valueRequired":true,"valueName":"search_term_string"}}],"inLanguage":"en-US"},{"@type":"Organization","@id":"https:\/\/globalacoustic.fr\/#organization","name":"Global Acoustic","url":"https:\/\/globalacoustic.fr\/","logo":{"@type":"ImageObject","inLanguage":"en-US","@id":"https:\/\/globalacoustic.fr\/#\/schema\/logo\/image\/","url":"https:\/\/globalacoustic.fr\/wp-content\/uploads\/2022\/04\/cropped-logo-global-acoustic.jpg","contentUrl":"https:\/\/globalacoustic.fr\/wp-content\/uploads\/2022\/04\/cropped-logo-global-acoustic.jpg","width":1080,"height":398,"caption":"Global Acoustic"},"image":{"@id":"https:\/\/globalacoustic.fr\/#\/schema\/logo\/image\/"},"sameAs":["https:\/\/m.facebook.com\/p\/Global-Acoustic-100070827399345\/"]}]}},"jetpack_sharing_enabled":true,"_links":{"self":[{"href":"https:\/\/globalacoustic.fr\/index.php\/wp-json\/wp\/v2\/product\/115","targetHints":{"allow":["GET"]}}],"collection":[{"href":"https:\/\/globalacoustic.fr\/index.php\/wp-json\/wp\/v2\/product"}],"about":[{"href":"https:\/\/globalacoustic.fr\/index.php\/wp-json\/wp\/v2\/types\/product"}],"replies":[{"embeddable":true,"href":"https:\/\/globalacoustic.fr\/index.php\/wp-json\/wp\/v2\/comments?post=115"}],"wp:featuredmedia":[{"embeddable":true,"href":"https:\/\/globalacoustic.fr\/index.php\/wp-json\/wp\/v2\/media\/116"}],"wp:attachment":[{"href":"https:\/\/globalacoustic.fr\/index.php\/wp-json\/wp\/v2\/media?parent=115"}],"wp:term":[{"taxonomy":"product_brand","embeddable":true,"href":"https:\/\/globalacoustic.fr\/index.php\/wp-json\/wp\/v2\/product_brand?post=115"},{"taxonomy":"product_cat","embeddable":true,"href":"https:\/\/globalacoustic.fr\/index.php\/wp-json\/wp\/v2\/product_cat?post=115"},{"taxonomy":"product_tag","embeddable":true,"href":"https:\/\/globalacoustic.fr\/index.php\/wp-json\/wp\/v2\/product_tag?post=115"}],"curies":[{"name":"wp","href":"https:\/\/api.w.org\/{rel}","templated":true}]}}