{"id":150,"date":"2022-04-27T10:54:49","date_gmt":"2022-04-27T08:54:49","guid":{"rendered":"https:\/\/globalacoustic.fr\/?post_type=product&#038;p=150"},"modified":"2022-04-27T11:06:04","modified_gmt":"2022-04-27T09:06:04","slug":"armoire-electrique-32a-tri-vers-6-x-pc16","status":"publish","type":"product","link":"https:\/\/globalacoustic.fr\/index.php\/produit\/armoire-electrique-32a-tri-vers-6-x-pc16\/","title":{"rendered":"Armoire \u00e9lectrique 32A TRI vers 6 x PC16"},"content":{"rendered":"<h2>Coffret de distribution Electrique 18KW.<\/h2>\n<p>Le p\u00f4le <strong>audiovisuel <\/strong>de Global-Acoustic, vous propose<strong> nos coffrets de distribution \u00e9lectrique Tetra de 32 A \u00a0soit 18 KW. Global-Acoustic<\/strong> est votre\u00a0 <strong>prestataire technique<\/strong>\u00a0sp\u00e9cialis\u00e9 des m\u00e9tiers du<strong>\u00a0son<\/strong>, de l\u2019<strong>\u00e9clairage<\/strong>, de la\u00a0<strong>vid\u00e9o <\/strong>. Nous nous positionnons en tant que partenaire, pour vous accompagner dans l\u2019<strong>\u00e9tude<\/strong>, l\u2019<strong>organisation<\/strong>\u00a0et la\u00a0<strong>r\u00e9alisation<\/strong>\u00a0de votre\u00a0<strong>\u00e9v\u00e9nement.<\/strong><\/p>\n<h3>Nos coffrets de distribution \u00e9lectriques\u2026 Pour tous vos \u00e9v\u00e9nements !<\/h3>\n<ul>\n<li>Discours<\/li>\n<li>Conf\u00e9rence<\/li>\n<li>Lancement de produit<\/li>\n<li>Inauguration<\/li>\n<li>Voeux<\/li>\n<li>S\u00e9minaire<\/li>\n<li>Congr\u00e8s<\/li>\n<li>Salon ou exposition<\/li>\n<li>Concert, festival<\/li>\n<li>Spectacle vivant<\/li>\n<li>Ev\u00e9nement sportif<\/li>\n<li>Ev\u00e9nement Priv\u00e9<\/li>\n<\/ul>\n","protected":false},"excerpt":{"rendered":"<p>Le p\u00f4le <strong>audiovisuel <\/strong>de Global-Acoustic, vous propose<strong> nos coffrets de distribution \u00e9lectrique Tetra de 32 A \u00a0soit 18 KW. Global-Acoustic<\/strong> est votre\u00a0 <strong>prestataire technique<\/strong>\u00a0sp\u00e9cialis\u00e9 des m\u00e9tiers du<strong>\u00a0son<\/strong>, de l\u2019<strong>\u00e9clairage<\/strong>, de la\u00a0<strong>vid\u00e9o <\/strong>. Nous nous positionnons en tant que partenaire, pour vous accompagner dans l\u2019<strong>\u00e9tude<\/strong>, l\u2019<strong>organisation<\/strong>\u00a0et la\u00a0<strong>r\u00e9alisation<\/strong>\u00a0de votre\u00a0<strong>\u00e9v\u00e9nement.<\/strong><\/p>\n","protected":false},"featured_media":127,"comment_status":"open","ping_status":"closed","template":"","meta":[],"product_brand":[],"product_cat":[27,26],"product_tag":[64],"class_list":{"0":"post-150","1":"product","2":"type-product","3":"status-publish","4":"has-post-thumbnail","6":"product_cat-armoire-electrique","7":"product_cat-distribution-electrique","8":"product_tag-armoire-electrique","10":"first","11":"instock","12":"taxable","13":"shipping-taxable","14":"product-type-simple"},"yoast_head":"<!-- This site is optimized with the Yoast SEO plugin v27.4 - https:\/\/yoast.com\/product\/yoast-seo-wordpress\/ -->\n<title>location-sonorisation<\/title>\n<meta name=\"description\" content=\"Produit-location-sonorisation-global acoustic-Plus de 30 ans d\u2019exp\u00e9rience \u00e0 votre service.\" \/>\n<meta name=\"robots\" content=\"index, follow, max-snippet:-1, max-image-preview:large, max-video-preview:-1\" \/>\n<link rel=\"canonical\" href=\"https:\/\/globalacoustic.fr\/index.php\/produit\/armoire-electrique-32a-tri-vers-6-x-pc16\/\" \/>\n<meta property=\"og:locale\" content=\"en_US\" \/>\n<meta property=\"og:type\" content=\"article\" \/>\n<meta property=\"og:title\" content=\"location-sonorisation\" \/>\n<meta property=\"og:description\" content=\"Produit-location-sonorisation-global acoustic-Plus de 30 ans d\u2019exp\u00e9rience \u00e0 votre service.\" \/>\n<meta property=\"og:url\" content=\"https:\/\/globalacoustic.fr\/index.php\/produit\/armoire-electrique-32a-tri-vers-6-x-pc16\/\" \/>\n<meta property=\"og:site_name\" content=\"Global Acoustic\" \/>\n<meta property=\"article:publisher\" content=\"https:\/\/m.facebook.com\/p\/Global-Acoustic-100070827399345\/\" \/>\n<meta property=\"article:modified_time\" content=\"2022-04-27T09:06:04+00:00\" \/>\n<meta property=\"og:image\" content=\"https:\/\/globalacoustic.fr\/wp-content\/uploads\/2022\/04\/Armoire-electrique-32A-TRI-vers-6-x-PC16.jpg\" \/>\n\t<meta property=\"og:image:width\" content=\"512\" \/>\n\t<meta property=\"og:image:height\" content=\"380\" \/>\n\t<meta property=\"og:image:type\" content=\"image\/jpeg\" \/>\n<meta name=\"twitter:card\" content=\"summary_large_image\" \/>\n<meta name=\"twitter:label1\" content=\"Est. reading time\" \/>\n\t<meta name=\"twitter:data1\" content=\"1 minute\" \/>\n<script type=\"application\/ld+json\" class=\"yoast-schema-graph\">{\"@context\":\"https:\\\/\\\/schema.org\",\"@graph\":[{\"@type\":\"WebPage\",\"@id\":\"https:\\\/\\\/globalacoustic.fr\\\/index.php\\\/produit\\\/armoire-electrique-32a-tri-vers-6-x-pc16\\\/\",\"url\":\"https:\\\/\\\/globalacoustic.fr\\\/index.php\\\/produit\\\/armoire-electrique-32a-tri-vers-6-x-pc16\\\/\",\"name\":\"location-sonorisation\",\"isPartOf\":{\"@id\":\"https:\\\/\\\/globalacoustic.fr\\\/#website\"},\"primaryImageOfPage\":{\"@id\":\"https:\\\/\\\/globalacoustic.fr\\\/index.php\\\/produit\\\/armoire-electrique-32a-tri-vers-6-x-pc16\\\/#primaryimage\"},\"image\":{\"@id\":\"https:\\\/\\\/globalacoustic.fr\\\/index.php\\\/produit\\\/armoire-electrique-32a-tri-vers-6-x-pc16\\\/#primaryimage\"},\"thumbnailUrl\":\"https:\\\/\\\/globalacoustic.fr\\\/wp-content\\\/uploads\\\/2022\\\/04\\\/Armoire-electrique-32A-TRI-vers-6-x-PC16.jpg\",\"datePublished\":\"2022-04-27T08:54:49+00:00\",\"dateModified\":\"2022-04-27T09:06:04+00:00\",\"description\":\"Produit-location-sonorisation-global acoustic-Plus de 30 ans d\u2019exp\u00e9rience \u00e0 votre service.\",\"breadcrumb\":{\"@id\":\"https:\\\/\\\/globalacoustic.fr\\\/index.php\\\/produit\\\/armoire-electrique-32a-tri-vers-6-x-pc16\\\/#breadcrumb\"},\"inLanguage\":\"en-US\",\"potentialAction\":[{\"@type\":\"ReadAction\",\"target\":[\"https:\\\/\\\/globalacoustic.fr\\\/index.php\\\/produit\\\/armoire-electrique-32a-tri-vers-6-x-pc16\\\/\"]}]},{\"@type\":\"ImageObject\",\"inLanguage\":\"en-US\",\"@id\":\"https:\\\/\\\/globalacoustic.fr\\\/index.php\\\/produit\\\/armoire-electrique-32a-tri-vers-6-x-pc16\\\/#primaryimage\",\"url\":\"https:\\\/\\\/globalacoustic.fr\\\/wp-content\\\/uploads\\\/2022\\\/04\\\/Armoire-electrique-32A-TRI-vers-6-x-PC16.jpg\",\"contentUrl\":\"https:\\\/\\\/globalacoustic.fr\\\/wp-content\\\/uploads\\\/2022\\\/04\\\/Armoire-electrique-32A-TRI-vers-6-x-PC16.jpg\",\"width\":512,\"height\":380,\"caption\":\"Armoire \u00e9lectrique 32A TRI vers 6 x PC16\"},{\"@type\":\"BreadcrumbList\",\"@id\":\"https:\\\/\\\/globalacoustic.fr\\\/index.php\\\/produit\\\/armoire-electrique-32a-tri-vers-6-x-pc16\\\/#breadcrumb\",\"itemListElement\":[{\"@type\":\"ListItem\",\"position\":1,\"name\":\"Accueil\",\"item\":\"https:\\\/\\\/globalacoustic.fr\\\/\"},{\"@type\":\"ListItem\",\"position\":2,\"name\":\"Location\",\"item\":\"https:\\\/\\\/globalacoustic.fr\\\/index.php\\\/location\\\/\"},{\"@type\":\"ListItem\",\"position\":3,\"name\":\"Armoire \u00e9lectrique 32A TRI vers 6 x PC16\"}]},{\"@type\":\"WebSite\",\"@id\":\"https:\\\/\\\/globalacoustic.fr\\\/#website\",\"url\":\"https:\\\/\\\/globalacoustic.fr\\\/\",\"name\":\"Global Acoustic\",\"description\":\"Le bon choix, au bon moment. Global Acoustic\",\"publisher\":{\"@id\":\"https:\\\/\\\/globalacoustic.fr\\\/#organization\"},\"alternateName\":\"globalacoustic.fr\",\"potentialAction\":[{\"@type\":\"SearchAction\",\"target\":{\"@type\":\"EntryPoint\",\"urlTemplate\":\"https:\\\/\\\/globalacoustic.fr\\\/?s={search_term_string}\"},\"query-input\":{\"@type\":\"PropertyValueSpecification\",\"valueRequired\":true,\"valueName\":\"search_term_string\"}}],\"inLanguage\":\"en-US\"},{\"@type\":\"Organization\",\"@id\":\"https:\\\/\\\/globalacoustic.fr\\\/#organization\",\"name\":\"Global Acoustic\",\"url\":\"https:\\\/\\\/globalacoustic.fr\\\/\",\"logo\":{\"@type\":\"ImageObject\",\"inLanguage\":\"en-US\",\"@id\":\"https:\\\/\\\/globalacoustic.fr\\\/#\\\/schema\\\/logo\\\/image\\\/\",\"url\":\"https:\\\/\\\/globalacoustic.fr\\\/wp-content\\\/uploads\\\/2022\\\/04\\\/cropped-logo-global-acoustic.jpg\",\"contentUrl\":\"https:\\\/\\\/globalacoustic.fr\\\/wp-content\\\/uploads\\\/2022\\\/04\\\/cropped-logo-global-acoustic.jpg\",\"width\":1080,\"height\":398,\"caption\":\"Global Acoustic\"},\"image\":{\"@id\":\"https:\\\/\\\/globalacoustic.fr\\\/#\\\/schema\\\/logo\\\/image\\\/\"},\"sameAs\":[\"https:\\\/\\\/m.facebook.com\\\/p\\\/Global-Acoustic-100070827399345\\\/\"]}]}<\/script>\n<!-- \/ Yoast SEO plugin. -->","yoast_head_json":{"title":"location-sonorisation","description":"Produit-location-sonorisation-global acoustic-Plus de 30 ans d\u2019exp\u00e9rience \u00e0 votre service.","robots":{"index":"index","follow":"follow","max-snippet":"max-snippet:-1","max-image-preview":"max-image-preview:large","max-video-preview":"max-video-preview:-1"},"canonical":"https:\/\/globalacoustic.fr\/index.php\/produit\/armoire-electrique-32a-tri-vers-6-x-pc16\/","og_locale":"en_US","og_type":"article","og_title":"location-sonorisation","og_description":"Produit-location-sonorisation-global acoustic-Plus de 30 ans d\u2019exp\u00e9rience \u00e0 votre service.","og_url":"https:\/\/globalacoustic.fr\/index.php\/produit\/armoire-electrique-32a-tri-vers-6-x-pc16\/","og_site_name":"Global Acoustic","article_publisher":"https:\/\/m.facebook.com\/p\/Global-Acoustic-100070827399345\/","article_modified_time":"2022-04-27T09:06:04+00:00","og_image":[{"width":512,"height":380,"url":"https:\/\/globalacoustic.fr\/wp-content\/uploads\/2022\/04\/Armoire-electrique-32A-TRI-vers-6-x-PC16.jpg","type":"image\/jpeg"}],"twitter_card":"summary_large_image","twitter_misc":{"Est. reading time":"1 minute"},"schema":{"@context":"https:\/\/schema.org","@graph":[{"@type":"WebPage","@id":"https:\/\/globalacoustic.fr\/index.php\/produit\/armoire-electrique-32a-tri-vers-6-x-pc16\/","url":"https:\/\/globalacoustic.fr\/index.php\/produit\/armoire-electrique-32a-tri-vers-6-x-pc16\/","name":"location-sonorisation","isPartOf":{"@id":"https:\/\/globalacoustic.fr\/#website"},"primaryImageOfPage":{"@id":"https:\/\/globalacoustic.fr\/index.php\/produit\/armoire-electrique-32a-tri-vers-6-x-pc16\/#primaryimage"},"image":{"@id":"https:\/\/globalacoustic.fr\/index.php\/produit\/armoire-electrique-32a-tri-vers-6-x-pc16\/#primaryimage"},"thumbnailUrl":"https:\/\/globalacoustic.fr\/wp-content\/uploads\/2022\/04\/Armoire-electrique-32A-TRI-vers-6-x-PC16.jpg","datePublished":"2022-04-27T08:54:49+00:00","dateModified":"2022-04-27T09:06:04+00:00","description":"Produit-location-sonorisation-global acoustic-Plus de 30 ans d\u2019exp\u00e9rience \u00e0 votre service.","breadcrumb":{"@id":"https:\/\/globalacoustic.fr\/index.php\/produit\/armoire-electrique-32a-tri-vers-6-x-pc16\/#breadcrumb"},"inLanguage":"en-US","potentialAction":[{"@type":"ReadAction","target":["https:\/\/globalacoustic.fr\/index.php\/produit\/armoire-electrique-32a-tri-vers-6-x-pc16\/"]}]},{"@type":"ImageObject","inLanguage":"en-US","@id":"https:\/\/globalacoustic.fr\/index.php\/produit\/armoire-electrique-32a-tri-vers-6-x-pc16\/#primaryimage","url":"https:\/\/globalacoustic.fr\/wp-content\/uploads\/2022\/04\/Armoire-electrique-32A-TRI-vers-6-x-PC16.jpg","contentUrl":"https:\/\/globalacoustic.fr\/wp-content\/uploads\/2022\/04\/Armoire-electrique-32A-TRI-vers-6-x-PC16.jpg","width":512,"height":380,"caption":"Armoire \u00e9lectrique 32A TRI vers 6 x PC16"},{"@type":"BreadcrumbList","@id":"https:\/\/globalacoustic.fr\/index.php\/produit\/armoire-electrique-32a-tri-vers-6-x-pc16\/#breadcrumb","itemListElement":[{"@type":"ListItem","position":1,"name":"Accueil","item":"https:\/\/globalacoustic.fr\/"},{"@type":"ListItem","position":2,"name":"Location","item":"https:\/\/globalacoustic.fr\/index.php\/location\/"},{"@type":"ListItem","position":3,"name":"Armoire \u00e9lectrique 32A TRI vers 6 x PC16"}]},{"@type":"WebSite","@id":"https:\/\/globalacoustic.fr\/#website","url":"https:\/\/globalacoustic.fr\/","name":"Global Acoustic","description":"Le bon choix, au bon moment. Global Acoustic","publisher":{"@id":"https:\/\/globalacoustic.fr\/#organization"},"alternateName":"globalacoustic.fr","potentialAction":[{"@type":"SearchAction","target":{"@type":"EntryPoint","urlTemplate":"https:\/\/globalacoustic.fr\/?s={search_term_string}"},"query-input":{"@type":"PropertyValueSpecification","valueRequired":true,"valueName":"search_term_string"}}],"inLanguage":"en-US"},{"@type":"Organization","@id":"https:\/\/globalacoustic.fr\/#organization","name":"Global Acoustic","url":"https:\/\/globalacoustic.fr\/","logo":{"@type":"ImageObject","inLanguage":"en-US","@id":"https:\/\/globalacoustic.fr\/#\/schema\/logo\/image\/","url":"https:\/\/globalacoustic.fr\/wp-content\/uploads\/2022\/04\/cropped-logo-global-acoustic.jpg","contentUrl":"https:\/\/globalacoustic.fr\/wp-content\/uploads\/2022\/04\/cropped-logo-global-acoustic.jpg","width":1080,"height":398,"caption":"Global Acoustic"},"image":{"@id":"https:\/\/globalacoustic.fr\/#\/schema\/logo\/image\/"},"sameAs":["https:\/\/m.facebook.com\/p\/Global-Acoustic-100070827399345\/"]}]}},"jetpack_sharing_enabled":true,"_links":{"self":[{"href":"https:\/\/globalacoustic.fr\/index.php\/wp-json\/wp\/v2\/product\/150","targetHints":{"allow":["GET"]}}],"collection":[{"href":"https:\/\/globalacoustic.fr\/index.php\/wp-json\/wp\/v2\/product"}],"about":[{"href":"https:\/\/globalacoustic.fr\/index.php\/wp-json\/wp\/v2\/types\/product"}],"replies":[{"embeddable":true,"href":"https:\/\/globalacoustic.fr\/index.php\/wp-json\/wp\/v2\/comments?post=150"}],"wp:featuredmedia":[{"embeddable":true,"href":"https:\/\/globalacoustic.fr\/index.php\/wp-json\/wp\/v2\/media\/127"}],"wp:attachment":[{"href":"https:\/\/globalacoustic.fr\/index.php\/wp-json\/wp\/v2\/media?parent=150"}],"wp:term":[{"taxonomy":"product_brand","embeddable":true,"href":"https:\/\/globalacoustic.fr\/index.php\/wp-json\/wp\/v2\/product_brand?post=150"},{"taxonomy":"product_cat","embeddable":true,"href":"https:\/\/globalacoustic.fr\/index.php\/wp-json\/wp\/v2\/product_cat?post=150"},{"taxonomy":"product_tag","embeddable":true,"href":"https:\/\/globalacoustic.fr\/index.php\/wp-json\/wp\/v2\/product_tag?post=150"}],"curies":[{"name":"wp","href":"https:\/\/api.w.org\/{rel}","templated":true}]}}