{"id":153,"date":"2022-04-27T10:59:02","date_gmt":"2022-04-27T08:59:02","guid":{"rendered":"https:\/\/globalacoustic.fr\/?post_type=product&#038;p=153"},"modified":"2022-04-27T11:06:29","modified_gmt":"2022-04-27T09:06:29","slug":"tonnelle-pliante-alu-40-mm-avec-baches-en-pvc","status":"publish","type":"product","link":"https:\/\/globalacoustic.fr\/index.php\/produit\/tonnelle-pliante-alu-40-mm-avec-baches-en-pvc\/","title":{"rendered":"Tonnelle pliante alu 40 mm avec b\u00e2ches en PVC"},"content":{"rendered":"<div class=\"row mb-5\">\n<div class=\"col-12 col-md-7 art-tx-cont\">\n<h3 class=\"pseudo-h4 my-2 mt-lg-0\">Possibilit\u00e9s d\u2018utilisation<\/h3>\n<ul>\n<li class=\"bullit-item\">Tonnelle pliante \u00e9l\u00e9gante r\u00e9pondant aux plus hautes exigences de robustesse et de performance<\/li>\n<li class=\"bullit-item\">Le d\u00e9veloppement de ce produit a \u00e9t\u00e9 r\u00e9alis\u00e9 conjointement avec des partenaires professionnels, notamment dans le domaine gastronomique<\/li>\n<li class=\"bullit-item\">Un abri s\u00fbr qui allie une grande stabilit\u00e9 et une longue dur\u00e9e de vie gr\u00e2ce aux mat\u00e9riaux modernes de haute qualit\u00e9<\/li>\n<li class=\"bullit-item\">Un abri \u00e9l\u00e9gant pour une ambiance hors du temps avec un design moderne<\/li>\n<li class=\"bullit-item\">R\u00e9sistant aux intemp\u00e9ries : prot\u00e8ge du vent, des rayons UV et de la pluie<\/li>\n<li class=\"bullit-item\">Montage et d\u00e9montage en un temps record pour plus de flexibilit\u00e9 lors de vos expositions, salons, march\u00e9s ou \u00e9v\u00e8nements priv\u00e9s<\/li>\n<li class=\"bullit-item\">Possibilit\u00e9s de relier plusieurs tonnelles pliantes entre elles.<\/li>\n<\/ul>\n<\/div>\n<\/div>\n<div class=\"row mb-5\">\n<div class=\"col-12 col-md-5 art-img-cont\"><a href=\"https:\/\/cdn.intent24.fr\/\/media\/IMG-AMZ\/AMZ_FP_0300x0300_A40.jpg\" rel=\"nofollow\" data-footer=\"\" data-toggle=\"lightbox\"><img decoding=\"async\" class=\"img-fluid img-border\" src=\"https:\/\/cdn.intent24.fr\/\/media\/IMG-AMZ\/AMZ_FP_0300x0300_A40.jpg\" alt=\"\" data-src=\"https:\/\/cdn.intent24.fr\/\/media\/IMG-AMZ\/AMZ_FP_0300x0300_A40.jpg\" \/><\/a><\/div>\n<div class=\"col-12 col-md-7 art-tx-cont\">\n<h3 class=\"pseudo-h4 my-2 mt-lg-0\">Dimensions<\/h3>\n<table class=\"table table-striped\">\n<tbody>\n<tr>\n<td>Surface :<\/td>\n<td>3 x 3m &#8211; 9,00 m\u00b2<\/td>\n<\/tr>\n<tr>\n<td>Largeur :<\/td>\n<td>env. 3,00 m<\/td>\n<\/tr>\n<tr>\n<td>Profondeur \/ Longueur :<\/td>\n<td>env. 3,00 m<\/td>\n<\/tr>\n<tr>\n<td>Hauteur au c\u00f4t\u00e9 :<\/td>\n<td>env. 1,90 &#8211; 2,30 m<\/td>\n<\/tr>\n<tr>\n<td>Hauteur au fa\u00eetage :<\/td>\n<td>env. 3,10 &#8211; 3,50 m<\/td>\n<\/tr>\n<tr>\n<td>Hauteur de l&#8217;entr\u00e9e :<\/td>\n<td>env. 1,70 &#8211; 2,10 m<br \/>\n(5 diff\u00e9rents r\u00e9glages de hauteur)<\/td>\n<\/tr>\n<\/tbody>\n<\/table>\n<\/div>\n<\/div>\n<div class=\"row mb-5\">\n<div class=\"col-12 col-md-5 art-img-cont d-none d-sm-block\">\n<div id=\"myCarouselKONS\" class=\"carousel slide\" data-ride=\"carousel\">\n<p>&nbsp;<\/p>\n<div class=\"carousel-inner\" role=\"listbox\">\n<div class=\"carousel-item active\"><a href=\"https:\/\/cdn.intent24.fr\/media\/IMG-DTX\/FR\/PRO_PAV_NEW_KONS_3x3_NOW.jpg?tp_lmts=1598350975\" data-title=\"\" data-toggle=\"lightbox\" data-footer=\"\"> <img loading=\"lazy\" decoding=\"async\" class=\"img-fluid img-border\" title=\"\" src=\"https:\/\/cdn.intent24.fr\/media\/IMG-DTX\/FR\/PRO_PAV_NEW_KONS_3x3_NOW.jpg?tp_lmts=1598350975\" alt=\"\" width=\"527\" height=\"395\" data-src=\"https:\/\/cdn.intent24.fr\/media\/IMG-DTX\/FR\/PRO_PAV_NEW_KONS_3x3_NOW.jpg?tp_lmts=1598350975\" \/> \u00a0<\/a><a href=\"https:\/\/cdn.intent24.fr\/media\/IMG-DTX\/FR\/PRO_PAV_NEW_KONS4_3x3_NOW.jpg?tp_lmts=1598350980\" data-title=\"\" data-footer=\"&lt;small&gt;Photo non contractuelle&lt;\/small&gt;\" data-toggle=\"lightbox\"> <img loading=\"lazy\" decoding=\"async\" class=\"img-fluid img-border\" title=\"\" src=\"https:\/\/cdn.intent24.fr\/media\/IMG-DTX\/FR\/PRO_PAV_NEW_KONS4_3x3_NOW.jpg?tp_lmts=1598350980\" alt=\"\" width=\"524\" height=\"393\" data-src=\"https:\/\/cdn.intent24.fr\/media\/IMG-DTX\/FR\/PRO_PAV_NEW_KONS4_3x3_NOW.jpg?tp_lmts=1598350980\" \/><\/a><\/div>\n<div><\/div>\n<\/div>\n<\/div>\n<\/div>\n<div class=\"col-12 col-md-7 art-tx-cont\">\n<h3 class=\"pseudo-h4 my-2 mt-lg-0\">Construction<\/h3>\n<ul class=\"bullit\">\n<li class=\"bullit-item\"><strong>Cadre de pose avec m\u00e9canisme en ciseaux :<\/strong>\n<ul class=\"bullit\">\n<li class=\"bullit-item\"><strong>Profil\u00e9s hexagonaux en aluminium<\/strong> bross\u00e9 selon la <strong>DIN 17611 E2<\/strong><\/li>\n<li class=\"bullit-item\">R\u00e9sistant aux UV, \u00e0 la corrosion et aux intemp\u00e9ries gr\u00e2ce au <strong>mat\u00e9riau aluminium (6063-T5) de haute qualit\u00e9<\/strong><\/li>\n<li class=\"bullit-item\">Structure l\u00e9g\u00e8re et tr\u00e8s stable\n<ul class=\"bullit\">\n<li class=\"bullit-item\"><strong>\u00c9paisseur de 1,6mm particuli\u00e8rement r\u00e9sistante \u00e0 la torsion<\/strong><\/li>\n<li class=\"bullit-item\"><strong>Diam\u00e8tre des \u00e9l\u00e9ments de 40 mm<\/strong><\/li>\n<\/ul>\n<\/li>\n<li class=\"bullit-item\"><strong>Boulon de s\u00e9curit\u00e9 avec anneau robuste<\/strong><\/li>\n<li class=\"bullit-item\"><strong>5 diff\u00e9rents r\u00e9glages de hauteur d&#8217;entr\u00e9e <\/strong>possibles (entre 1,70 et 2,10 m)<\/li>\n<li class=\"bullit-item\">Stable et s\u00fbr : m\u00e9canisme en ciseaux\n<ul class=\"bullit\">\n<li class=\"bullit-item\"><strong>\u00c9paisseur de 1,6 mm<\/strong><\/li>\n<li class=\"bullit-item\"><strong>Dimensions de la structure : 25 x 12 mm<\/strong><\/li>\n<\/ul>\n<\/li>\n<li class=\"bullit-item\">Gr\u00e2ce au syst\u00e8me d\u2019assemblage, chacun des \u00e9l\u00e9ments, du socle aux ciseaux du toit, <strong>est facilement \u00e9changeable.<\/strong><\/li>\n<li class=\"bullit-item\">Renforcement suppl\u00e9mentaire de la structure par une <strong>barre interne de soutien<\/strong><\/li>\n<li class=\"bullit-item\"><strong>Entretien facile, effet autonettoyant en ext\u00e9rieur<\/strong><\/li>\n<\/ul>\n<\/li>\n<li class=\"bullit-item\">Socles :\n<ul class=\"bullit\">\n<li class=\"bullit-item\">Tr\u00e8s grands plateaux en acier massif enti\u00e8rement galvanis\u00e9s<\/li>\n<li class=\"bullit-item\">Dimensions : env. <strong>110 x 110 mm<\/strong><\/li>\n<li class=\"bullit-item\">Perforations pour <strong>ancrage professionnel<\/strong> dans tout type de sol (b\u00e9ton, terre, etc)<\/li>\n<li class=\"bullit-item\"><strong>Ancrage<\/strong> pour sol meuble <strong>inclus <\/strong><\/li>\n<\/ul>\n<\/li>\n<\/ul>\n<\/div>\n<\/div>\n","protected":false},"excerpt":{"rendered":"<h2 class=\"pseudo-h3 my-3\">Tonnelle pliante alu 40 mm avec b\u00e2ches en PVC\u201c stable et \u00e9l\u00e9gante avec quatre toiles lat\u00e9rales<\/h2>\n<p>Tonnelle professionnelle de haute qualit\u00e9, d\u00e9velopp\u00e9e pour une performance maximale, une longue dur\u00e9e de vie et une utilisation rapide. Les tonnelles pliantes de la gamme PROFESSIONAL sont pr\u00e9vues pour durer ! Les profil\u00e9s hexagonaux en aluminium de 40 mm vous assurent une bonne stabilit\u00e9 et une grande robustesse, m\u00eame par mauvais temps. La toile tr\u00e8s r\u00e9sistante en PVC ignifug\u00e9 \u00e9pais de 620 g\/m\u00b2 assurent en effet une tr\u00e8s longue dur\u00e9e de vie de la tonnelle. La structure particuli\u00e8rement stable assure \u00e9quilibre et robustesse \u00e0 la tonnelle pliante, m\u00eame par mauvais temps. La b\u00e2che r\u00e9siste aux rayons UV (indice 80+) et aux baisses de temp\u00e9rature jusque -20 \u00b0C, ce qui permet d\u2019utiliser cette tente m\u00eame en hiver ! Les b\u00e2ches lat\u00e9rales incluses dans la livraison permettent de fermer compl\u00e8tement la tonnelle pliante. Selon les dimensions de la tonnelle, les b\u00e2ches de c\u00f4t\u00e9s disposent d\u2019une ou plusieurs entr\u00e9es qui s\u2019ouvrent et se ferment rapidement avec un syst\u00e8me \u00e0 fermeture \u00c9clair. Le m\u00e9canisme en ciseau de la structure vous permet de monter et d\u00e9monter la tonnelle en quelques minutes seulement.<\/p>\n","protected":false},"featured_media":137,"comment_status":"open","ping_status":"closed","template":"","meta":[],"product_brand":[],"product_cat":[38,45],"product_tag":[65],"class_list":{"0":"post-153","1":"product","2":"type-product","3":"status-publish","4":"has-post-thumbnail","6":"product_cat-equipement-scenique","7":"product_cat-tonnelle","8":"product_tag-tonnelle","10":"first","11":"instock","12":"taxable","13":"shipping-taxable","14":"product-type-simple"},"yoast_head":"<!-- This site is optimized with the Yoast SEO plugin v27.4 - https:\/\/yoast.com\/product\/yoast-seo-wordpress\/ -->\n<title>location-sonorisation<\/title>\n<meta name=\"description\" content=\"Produit-location-sonorisation-global acoustic-Plus de 30 ans d\u2019exp\u00e9rience \u00e0 votre service.\" \/>\n<meta name=\"robots\" content=\"index, follow, max-snippet:-1, max-image-preview:large, max-video-preview:-1\" \/>\n<link rel=\"canonical\" href=\"https:\/\/globalacoustic.fr\/index.php\/produit\/tonnelle-pliante-alu-40-mm-avec-baches-en-pvc\/\" \/>\n<meta property=\"og:locale\" content=\"en_US\" \/>\n<meta property=\"og:type\" content=\"article\" \/>\n<meta property=\"og:title\" content=\"location-sonorisation\" \/>\n<meta property=\"og:description\" content=\"Produit-location-sonorisation-global acoustic-Plus de 30 ans d\u2019exp\u00e9rience \u00e0 votre service.\" \/>\n<meta property=\"og:url\" content=\"https:\/\/globalacoustic.fr\/index.php\/produit\/tonnelle-pliante-alu-40-mm-avec-baches-en-pvc\/\" \/>\n<meta property=\"og:site_name\" content=\"Global Acoustic\" \/>\n<meta property=\"article:publisher\" content=\"https:\/\/m.facebook.com\/p\/Global-Acoustic-100070827399345\/\" \/>\n<meta property=\"article:modified_time\" content=\"2022-04-27T09:06:29+00:00\" \/>\n<meta property=\"og:image\" content=\"https:\/\/globalacoustic.fr\/wp-content\/uploads\/2022\/04\/Tonnelle-3x3m.jpg\" \/>\n\t<meta property=\"og:image:width\" content=\"640\" \/>\n\t<meta property=\"og:image:height\" content=\"480\" \/>\n\t<meta property=\"og:image:type\" content=\"image\/jpeg\" \/>\n<meta name=\"twitter:card\" content=\"summary_large_image\" \/>\n<meta name=\"twitter:label1\" content=\"Est. reading time\" \/>\n\t<meta name=\"twitter:data1\" content=\"2 minutes\" \/>\n<script type=\"application\/ld+json\" class=\"yoast-schema-graph\">{\"@context\":\"https:\\\/\\\/schema.org\",\"@graph\":[{\"@type\":\"WebPage\",\"@id\":\"https:\\\/\\\/globalacoustic.fr\\\/index.php\\\/produit\\\/tonnelle-pliante-alu-40-mm-avec-baches-en-pvc\\\/\",\"url\":\"https:\\\/\\\/globalacoustic.fr\\\/index.php\\\/produit\\\/tonnelle-pliante-alu-40-mm-avec-baches-en-pvc\\\/\",\"name\":\"location-sonorisation\",\"isPartOf\":{\"@id\":\"https:\\\/\\\/globalacoustic.fr\\\/#website\"},\"primaryImageOfPage\":{\"@id\":\"https:\\\/\\\/globalacoustic.fr\\\/index.php\\\/produit\\\/tonnelle-pliante-alu-40-mm-avec-baches-en-pvc\\\/#primaryimage\"},\"image\":{\"@id\":\"https:\\\/\\\/globalacoustic.fr\\\/index.php\\\/produit\\\/tonnelle-pliante-alu-40-mm-avec-baches-en-pvc\\\/#primaryimage\"},\"thumbnailUrl\":\"https:\\\/\\\/globalacoustic.fr\\\/wp-content\\\/uploads\\\/2022\\\/04\\\/Tonnelle-3x3m.jpg\",\"datePublished\":\"2022-04-27T08:59:02+00:00\",\"dateModified\":\"2022-04-27T09:06:29+00:00\",\"description\":\"Produit-location-sonorisation-global acoustic-Plus de 30 ans d\u2019exp\u00e9rience \u00e0 votre service.\",\"breadcrumb\":{\"@id\":\"https:\\\/\\\/globalacoustic.fr\\\/index.php\\\/produit\\\/tonnelle-pliante-alu-40-mm-avec-baches-en-pvc\\\/#breadcrumb\"},\"inLanguage\":\"en-US\",\"potentialAction\":[{\"@type\":\"ReadAction\",\"target\":[\"https:\\\/\\\/globalacoustic.fr\\\/index.php\\\/produit\\\/tonnelle-pliante-alu-40-mm-avec-baches-en-pvc\\\/\"]}]},{\"@type\":\"ImageObject\",\"inLanguage\":\"en-US\",\"@id\":\"https:\\\/\\\/globalacoustic.fr\\\/index.php\\\/produit\\\/tonnelle-pliante-alu-40-mm-avec-baches-en-pvc\\\/#primaryimage\",\"url\":\"https:\\\/\\\/globalacoustic.fr\\\/wp-content\\\/uploads\\\/2022\\\/04\\\/Tonnelle-3x3m.jpg\",\"contentUrl\":\"https:\\\/\\\/globalacoustic.fr\\\/wp-content\\\/uploads\\\/2022\\\/04\\\/Tonnelle-3x3m.jpg\",\"width\":640,\"height\":480},{\"@type\":\"BreadcrumbList\",\"@id\":\"https:\\\/\\\/globalacoustic.fr\\\/index.php\\\/produit\\\/tonnelle-pliante-alu-40-mm-avec-baches-en-pvc\\\/#breadcrumb\",\"itemListElement\":[{\"@type\":\"ListItem\",\"position\":1,\"name\":\"Accueil\",\"item\":\"https:\\\/\\\/globalacoustic.fr\\\/\"},{\"@type\":\"ListItem\",\"position\":2,\"name\":\"Location\",\"item\":\"https:\\\/\\\/globalacoustic.fr\\\/index.php\\\/location\\\/\"},{\"@type\":\"ListItem\",\"position\":3,\"name\":\"Tonnelle pliante alu 40 mm avec b\u00e2ches en PVC\"}]},{\"@type\":\"WebSite\",\"@id\":\"https:\\\/\\\/globalacoustic.fr\\\/#website\",\"url\":\"https:\\\/\\\/globalacoustic.fr\\\/\",\"name\":\"Global Acoustic\",\"description\":\"Le bon choix, au bon moment. Global Acoustic\",\"publisher\":{\"@id\":\"https:\\\/\\\/globalacoustic.fr\\\/#organization\"},\"alternateName\":\"globalacoustic.fr\",\"potentialAction\":[{\"@type\":\"SearchAction\",\"target\":{\"@type\":\"EntryPoint\",\"urlTemplate\":\"https:\\\/\\\/globalacoustic.fr\\\/?s={search_term_string}\"},\"query-input\":{\"@type\":\"PropertyValueSpecification\",\"valueRequired\":true,\"valueName\":\"search_term_string\"}}],\"inLanguage\":\"en-US\"},{\"@type\":\"Organization\",\"@id\":\"https:\\\/\\\/globalacoustic.fr\\\/#organization\",\"name\":\"Global Acoustic\",\"url\":\"https:\\\/\\\/globalacoustic.fr\\\/\",\"logo\":{\"@type\":\"ImageObject\",\"inLanguage\":\"en-US\",\"@id\":\"https:\\\/\\\/globalacoustic.fr\\\/#\\\/schema\\\/logo\\\/image\\\/\",\"url\":\"https:\\\/\\\/globalacoustic.fr\\\/wp-content\\\/uploads\\\/2022\\\/04\\\/cropped-logo-global-acoustic.jpg\",\"contentUrl\":\"https:\\\/\\\/globalacoustic.fr\\\/wp-content\\\/uploads\\\/2022\\\/04\\\/cropped-logo-global-acoustic.jpg\",\"width\":1080,\"height\":398,\"caption\":\"Global Acoustic\"},\"image\":{\"@id\":\"https:\\\/\\\/globalacoustic.fr\\\/#\\\/schema\\\/logo\\\/image\\\/\"},\"sameAs\":[\"https:\\\/\\\/m.facebook.com\\\/p\\\/Global-Acoustic-100070827399345\\\/\"]}]}<\/script>\n<!-- \/ Yoast SEO plugin. -->","yoast_head_json":{"title":"location-sonorisation","description":"Produit-location-sonorisation-global acoustic-Plus de 30 ans d\u2019exp\u00e9rience \u00e0 votre service.","robots":{"index":"index","follow":"follow","max-snippet":"max-snippet:-1","max-image-preview":"max-image-preview:large","max-video-preview":"max-video-preview:-1"},"canonical":"https:\/\/globalacoustic.fr\/index.php\/produit\/tonnelle-pliante-alu-40-mm-avec-baches-en-pvc\/","og_locale":"en_US","og_type":"article","og_title":"location-sonorisation","og_description":"Produit-location-sonorisation-global acoustic-Plus de 30 ans d\u2019exp\u00e9rience \u00e0 votre service.","og_url":"https:\/\/globalacoustic.fr\/index.php\/produit\/tonnelle-pliante-alu-40-mm-avec-baches-en-pvc\/","og_site_name":"Global Acoustic","article_publisher":"https:\/\/m.facebook.com\/p\/Global-Acoustic-100070827399345\/","article_modified_time":"2022-04-27T09:06:29+00:00","og_image":[{"width":640,"height":480,"url":"https:\/\/globalacoustic.fr\/wp-content\/uploads\/2022\/04\/Tonnelle-3x3m.jpg","type":"image\/jpeg"}],"twitter_card":"summary_large_image","twitter_misc":{"Est. reading time":"2 minutes"},"schema":{"@context":"https:\/\/schema.org","@graph":[{"@type":"WebPage","@id":"https:\/\/globalacoustic.fr\/index.php\/produit\/tonnelle-pliante-alu-40-mm-avec-baches-en-pvc\/","url":"https:\/\/globalacoustic.fr\/index.php\/produit\/tonnelle-pliante-alu-40-mm-avec-baches-en-pvc\/","name":"location-sonorisation","isPartOf":{"@id":"https:\/\/globalacoustic.fr\/#website"},"primaryImageOfPage":{"@id":"https:\/\/globalacoustic.fr\/index.php\/produit\/tonnelle-pliante-alu-40-mm-avec-baches-en-pvc\/#primaryimage"},"image":{"@id":"https:\/\/globalacoustic.fr\/index.php\/produit\/tonnelle-pliante-alu-40-mm-avec-baches-en-pvc\/#primaryimage"},"thumbnailUrl":"https:\/\/globalacoustic.fr\/wp-content\/uploads\/2022\/04\/Tonnelle-3x3m.jpg","datePublished":"2022-04-27T08:59:02+00:00","dateModified":"2022-04-27T09:06:29+00:00","description":"Produit-location-sonorisation-global acoustic-Plus de 30 ans d\u2019exp\u00e9rience \u00e0 votre service.","breadcrumb":{"@id":"https:\/\/globalacoustic.fr\/index.php\/produit\/tonnelle-pliante-alu-40-mm-avec-baches-en-pvc\/#breadcrumb"},"inLanguage":"en-US","potentialAction":[{"@type":"ReadAction","target":["https:\/\/globalacoustic.fr\/index.php\/produit\/tonnelle-pliante-alu-40-mm-avec-baches-en-pvc\/"]}]},{"@type":"ImageObject","inLanguage":"en-US","@id":"https:\/\/globalacoustic.fr\/index.php\/produit\/tonnelle-pliante-alu-40-mm-avec-baches-en-pvc\/#primaryimage","url":"https:\/\/globalacoustic.fr\/wp-content\/uploads\/2022\/04\/Tonnelle-3x3m.jpg","contentUrl":"https:\/\/globalacoustic.fr\/wp-content\/uploads\/2022\/04\/Tonnelle-3x3m.jpg","width":640,"height":480},{"@type":"BreadcrumbList","@id":"https:\/\/globalacoustic.fr\/index.php\/produit\/tonnelle-pliante-alu-40-mm-avec-baches-en-pvc\/#breadcrumb","itemListElement":[{"@type":"ListItem","position":1,"name":"Accueil","item":"https:\/\/globalacoustic.fr\/"},{"@type":"ListItem","position":2,"name":"Location","item":"https:\/\/globalacoustic.fr\/index.php\/location\/"},{"@type":"ListItem","position":3,"name":"Tonnelle pliante alu 40 mm avec b\u00e2ches en PVC"}]},{"@type":"WebSite","@id":"https:\/\/globalacoustic.fr\/#website","url":"https:\/\/globalacoustic.fr\/","name":"Global Acoustic","description":"Le bon choix, au bon moment. Global Acoustic","publisher":{"@id":"https:\/\/globalacoustic.fr\/#organization"},"alternateName":"globalacoustic.fr","potentialAction":[{"@type":"SearchAction","target":{"@type":"EntryPoint","urlTemplate":"https:\/\/globalacoustic.fr\/?s={search_term_string}"},"query-input":{"@type":"PropertyValueSpecification","valueRequired":true,"valueName":"search_term_string"}}],"inLanguage":"en-US"},{"@type":"Organization","@id":"https:\/\/globalacoustic.fr\/#organization","name":"Global Acoustic","url":"https:\/\/globalacoustic.fr\/","logo":{"@type":"ImageObject","inLanguage":"en-US","@id":"https:\/\/globalacoustic.fr\/#\/schema\/logo\/image\/","url":"https:\/\/globalacoustic.fr\/wp-content\/uploads\/2022\/04\/cropped-logo-global-acoustic.jpg","contentUrl":"https:\/\/globalacoustic.fr\/wp-content\/uploads\/2022\/04\/cropped-logo-global-acoustic.jpg","width":1080,"height":398,"caption":"Global Acoustic"},"image":{"@id":"https:\/\/globalacoustic.fr\/#\/schema\/logo\/image\/"},"sameAs":["https:\/\/m.facebook.com\/p\/Global-Acoustic-100070827399345\/"]}]}},"jetpack_sharing_enabled":true,"_links":{"self":[{"href":"https:\/\/globalacoustic.fr\/index.php\/wp-json\/wp\/v2\/product\/153","targetHints":{"allow":["GET"]}}],"collection":[{"href":"https:\/\/globalacoustic.fr\/index.php\/wp-json\/wp\/v2\/product"}],"about":[{"href":"https:\/\/globalacoustic.fr\/index.php\/wp-json\/wp\/v2\/types\/product"}],"replies":[{"embeddable":true,"href":"https:\/\/globalacoustic.fr\/index.php\/wp-json\/wp\/v2\/comments?post=153"}],"wp:featuredmedia":[{"embeddable":true,"href":"https:\/\/globalacoustic.fr\/index.php\/wp-json\/wp\/v2\/media\/137"}],"wp:attachment":[{"href":"https:\/\/globalacoustic.fr\/index.php\/wp-json\/wp\/v2\/media?parent=153"}],"wp:term":[{"taxonomy":"product_brand","embeddable":true,"href":"https:\/\/globalacoustic.fr\/index.php\/wp-json\/wp\/v2\/product_brand?post=153"},{"taxonomy":"product_cat","embeddable":true,"href":"https:\/\/globalacoustic.fr\/index.php\/wp-json\/wp\/v2\/product_cat?post=153"},{"taxonomy":"product_tag","embeddable":true,"href":"https:\/\/globalacoustic.fr\/index.php\/wp-json\/wp\/v2\/product_tag?post=153"}],"curies":[{"name":"wp","href":"https:\/\/api.w.org\/{rel}","templated":true}]}}