{"id":155,"date":"2022-04-27T11:11:50","date_gmt":"2022-04-27T09:11:50","guid":{"rendered":"https:\/\/globalacoustic.fr\/?post_type=product&#038;p=155"},"modified":"2022-04-27T11:11:50","modified_gmt":"2022-04-27T09:11:50","slug":"machine-a-fumer-kool-light-3000w","status":"publish","type":"product","link":"https:\/\/globalacoustic.fr\/index.php\/produit\/machine-a-fumer-kool-light-3000w\/","title":{"rendered":"Machine \u00e0 fumer Kool Light 3000w"},"content":{"rendered":"<p><strong>Machine \u00e0 fumer Kool Light 3000w<\/strong><\/p>\n<p>Machine \u00e0 fum\u00e9e \u00e9lectronique id\u00e9ale pour les bars, clubs et pour l\u2019animation de vos soir\u00e9es. Cette machine \u00e0 fum\u00e9e est contr\u00f4lable \u00e0 distance gr\u00e2ce au protocole DMX512.<\/p>\n<p>Corps de chauffe aluminium<br \/>\nR\u00e9sistance de chauffe : 3000 W<br \/>\nPr\u00e9chauffage : 11 minutes<br \/>\nContr\u00f4le \u00e9lectronique de la temp\u00e9rature<br \/>\nSyst\u00e8me anti-bouchage<br \/>\nD\u00e9bit : permanent (apr\u00e8s le premier pr\u00e9chauffage)<br \/>\nD\u00e9bit maximum : 700 m\u00b3\/mn<br \/>\nContenu de la livraison<\/p>\n<p><strong>Machine \u00e0 fum\u00e9e :<\/strong><br \/>\n1 t\u00e9l\u00e9commande filaire<br \/>\n1 t\u00e9l\u00e9commande sans fil.<br \/>\nD\u00e9bit 700 m\u00b3\/mn<br \/>\nR\u00e9servoir de 9,5 l<br \/>\n3000 W<br \/>\nDMX 512<br \/>\nT\u00e9l\u00e9commandes<\/p>\n","protected":false},"excerpt":{"rendered":"<p>&nbsp;<\/p>\n<p>Machine \u00e0 fum\u00e9e \u00e9lectronique id\u00e9ale pour les bars, clubs et pour l\u2019animation de vos soir\u00e9es. Cette machine \u00e0 fum\u00e9e est contr\u00f4lable \u00e0 distance gr\u00e2ce au protocole DMX512.<\/p>\n","protected":false},"featured_media":156,"comment_status":"open","ping_status":"closed","template":"","meta":[],"product_brand":[],"product_cat":[29,34],"product_tag":[67],"class_list":{"0":"post-155","1":"product","2":"type-product","3":"status-publish","4":"has-post-thumbnail","6":"product_cat-eclairage","7":"product_cat-effets-speciaux","8":"product_tag-machine-a-fumer","10":"first","11":"instock","12":"taxable","13":"shipping-taxable","14":"product-type-simple"},"yoast_head":"<!-- This site is optimized with the Yoast SEO plugin v27.4 - https:\/\/yoast.com\/product\/yoast-seo-wordpress\/ -->\n<title>Machine \u00e0 fumer Kool Light 3000w - Global Acoustic<\/title>\n<meta name=\"robots\" content=\"index, follow, max-snippet:-1, max-image-preview:large, max-video-preview:-1\" \/>\n<link rel=\"canonical\" href=\"https:\/\/globalacoustic.fr\/index.php\/produit\/machine-a-fumer-kool-light-3000w\/\" \/>\n<meta property=\"og:locale\" content=\"en_US\" \/>\n<meta property=\"og:type\" content=\"article\" \/>\n<meta property=\"og:title\" content=\"Machine \u00e0 fumer Kool Light 3000w - Global Acoustic\" \/>\n<meta property=\"og:description\" content=\"&nbsp;  Machine \u00e0 fum\u00e9e \u00e9lectronique id\u00e9ale pour les bars, clubs et pour l\u2019animation de vos soir\u00e9es. Cette machine \u00e0 fum\u00e9e est contr\u00f4lable \u00e0 distance gr\u00e2ce au protocole DMX512.\" \/>\n<meta property=\"og:url\" content=\"https:\/\/globalacoustic.fr\/index.php\/produit\/machine-a-fumer-kool-light-3000w\/\" \/>\n<meta property=\"og:site_name\" content=\"Global Acoustic\" \/>\n<meta property=\"article:publisher\" content=\"https:\/\/m.facebook.com\/p\/Global-Acoustic-100070827399345\/\" \/>\n<meta property=\"og:image\" content=\"https:\/\/globalacoustic.fr\/wp-content\/uploads\/2022\/04\/Machine-a-fumer-Kool-Light-3000w-1.jpg\" \/>\n\t<meta property=\"og:image:width\" content=\"800\" \/>\n\t<meta property=\"og:image:height\" content=\"800\" \/>\n\t<meta property=\"og:image:type\" content=\"image\/jpeg\" \/>\n<meta name=\"twitter:card\" content=\"summary_large_image\" \/>\n<meta name=\"twitter:label1\" content=\"Est. reading time\" \/>\n\t<meta name=\"twitter:data1\" content=\"1 minute\" \/>\n<script type=\"application\/ld+json\" class=\"yoast-schema-graph\">{\"@context\":\"https:\\\/\\\/schema.org\",\"@graph\":[{\"@type\":\"WebPage\",\"@id\":\"https:\\\/\\\/globalacoustic.fr\\\/index.php\\\/produit\\\/machine-a-fumer-kool-light-3000w\\\/\",\"url\":\"https:\\\/\\\/globalacoustic.fr\\\/index.php\\\/produit\\\/machine-a-fumer-kool-light-3000w\\\/\",\"name\":\"Machine \u00e0 fumer Kool Light 3000w - Global Acoustic\",\"isPartOf\":{\"@id\":\"https:\\\/\\\/globalacoustic.fr\\\/#website\"},\"primaryImageOfPage\":{\"@id\":\"https:\\\/\\\/globalacoustic.fr\\\/index.php\\\/produit\\\/machine-a-fumer-kool-light-3000w\\\/#primaryimage\"},\"image\":{\"@id\":\"https:\\\/\\\/globalacoustic.fr\\\/index.php\\\/produit\\\/machine-a-fumer-kool-light-3000w\\\/#primaryimage\"},\"thumbnailUrl\":\"https:\\\/\\\/globalacoustic.fr\\\/wp-content\\\/uploads\\\/2022\\\/04\\\/Machine-a-fumer-Kool-Light-3000w-1.jpg\",\"datePublished\":\"2022-04-27T09:11:50+00:00\",\"breadcrumb\":{\"@id\":\"https:\\\/\\\/globalacoustic.fr\\\/index.php\\\/produit\\\/machine-a-fumer-kool-light-3000w\\\/#breadcrumb\"},\"inLanguage\":\"en-US\",\"potentialAction\":[{\"@type\":\"ReadAction\",\"target\":[\"https:\\\/\\\/globalacoustic.fr\\\/index.php\\\/produit\\\/machine-a-fumer-kool-light-3000w\\\/\"]}]},{\"@type\":\"ImageObject\",\"inLanguage\":\"en-US\",\"@id\":\"https:\\\/\\\/globalacoustic.fr\\\/index.php\\\/produit\\\/machine-a-fumer-kool-light-3000w\\\/#primaryimage\",\"url\":\"https:\\\/\\\/globalacoustic.fr\\\/wp-content\\\/uploads\\\/2022\\\/04\\\/Machine-a-fumer-Kool-Light-3000w-1.jpg\",\"contentUrl\":\"https:\\\/\\\/globalacoustic.fr\\\/wp-content\\\/uploads\\\/2022\\\/04\\\/Machine-a-fumer-Kool-Light-3000w-1.jpg\",\"width\":800,\"height\":800,\"caption\":\"Machine \u00e0 fumer Kool Light 3000w-1\"},{\"@type\":\"BreadcrumbList\",\"@id\":\"https:\\\/\\\/globalacoustic.fr\\\/index.php\\\/produit\\\/machine-a-fumer-kool-light-3000w\\\/#breadcrumb\",\"itemListElement\":[{\"@type\":\"ListItem\",\"position\":1,\"name\":\"Accueil\",\"item\":\"https:\\\/\\\/globalacoustic.fr\\\/\"},{\"@type\":\"ListItem\",\"position\":2,\"name\":\"Location\",\"item\":\"https:\\\/\\\/globalacoustic.fr\\\/index.php\\\/location\\\/\"},{\"@type\":\"ListItem\",\"position\":3,\"name\":\"Machine \u00e0 fumer Kool Light 3000w\"}]},{\"@type\":\"WebSite\",\"@id\":\"https:\\\/\\\/globalacoustic.fr\\\/#website\",\"url\":\"https:\\\/\\\/globalacoustic.fr\\\/\",\"name\":\"Global Acoustic\",\"description\":\"Le bon choix, au bon moment. Global Acoustic\",\"publisher\":{\"@id\":\"https:\\\/\\\/globalacoustic.fr\\\/#organization\"},\"alternateName\":\"globalacoustic.fr\",\"potentialAction\":[{\"@type\":\"SearchAction\",\"target\":{\"@type\":\"EntryPoint\",\"urlTemplate\":\"https:\\\/\\\/globalacoustic.fr\\\/?s={search_term_string}\"},\"query-input\":{\"@type\":\"PropertyValueSpecification\",\"valueRequired\":true,\"valueName\":\"search_term_string\"}}],\"inLanguage\":\"en-US\"},{\"@type\":\"Organization\",\"@id\":\"https:\\\/\\\/globalacoustic.fr\\\/#organization\",\"name\":\"Global Acoustic\",\"url\":\"https:\\\/\\\/globalacoustic.fr\\\/\",\"logo\":{\"@type\":\"ImageObject\",\"inLanguage\":\"en-US\",\"@id\":\"https:\\\/\\\/globalacoustic.fr\\\/#\\\/schema\\\/logo\\\/image\\\/\",\"url\":\"https:\\\/\\\/globalacoustic.fr\\\/wp-content\\\/uploads\\\/2022\\\/04\\\/cropped-logo-global-acoustic.jpg\",\"contentUrl\":\"https:\\\/\\\/globalacoustic.fr\\\/wp-content\\\/uploads\\\/2022\\\/04\\\/cropped-logo-global-acoustic.jpg\",\"width\":1080,\"height\":398,\"caption\":\"Global Acoustic\"},\"image\":{\"@id\":\"https:\\\/\\\/globalacoustic.fr\\\/#\\\/schema\\\/logo\\\/image\\\/\"},\"sameAs\":[\"https:\\\/\\\/m.facebook.com\\\/p\\\/Global-Acoustic-100070827399345\\\/\"]}]}<\/script>\n<!-- \/ Yoast SEO plugin. -->","yoast_head_json":{"title":"Machine \u00e0 fumer Kool Light 3000w - Global Acoustic","robots":{"index":"index","follow":"follow","max-snippet":"max-snippet:-1","max-image-preview":"max-image-preview:large","max-video-preview":"max-video-preview:-1"},"canonical":"https:\/\/globalacoustic.fr\/index.php\/produit\/machine-a-fumer-kool-light-3000w\/","og_locale":"en_US","og_type":"article","og_title":"Machine \u00e0 fumer Kool Light 3000w - Global Acoustic","og_description":"&nbsp;  Machine \u00e0 fum\u00e9e \u00e9lectronique id\u00e9ale pour les bars, clubs et pour l\u2019animation de vos soir\u00e9es. Cette machine \u00e0 fum\u00e9e est contr\u00f4lable \u00e0 distance gr\u00e2ce au protocole DMX512.","og_url":"https:\/\/globalacoustic.fr\/index.php\/produit\/machine-a-fumer-kool-light-3000w\/","og_site_name":"Global Acoustic","article_publisher":"https:\/\/m.facebook.com\/p\/Global-Acoustic-100070827399345\/","og_image":[{"width":800,"height":800,"url":"https:\/\/globalacoustic.fr\/wp-content\/uploads\/2022\/04\/Machine-a-fumer-Kool-Light-3000w-1.jpg","type":"image\/jpeg"}],"twitter_card":"summary_large_image","twitter_misc":{"Est. reading time":"1 minute"},"schema":{"@context":"https:\/\/schema.org","@graph":[{"@type":"WebPage","@id":"https:\/\/globalacoustic.fr\/index.php\/produit\/machine-a-fumer-kool-light-3000w\/","url":"https:\/\/globalacoustic.fr\/index.php\/produit\/machine-a-fumer-kool-light-3000w\/","name":"Machine \u00e0 fumer Kool Light 3000w - Global Acoustic","isPartOf":{"@id":"https:\/\/globalacoustic.fr\/#website"},"primaryImageOfPage":{"@id":"https:\/\/globalacoustic.fr\/index.php\/produit\/machine-a-fumer-kool-light-3000w\/#primaryimage"},"image":{"@id":"https:\/\/globalacoustic.fr\/index.php\/produit\/machine-a-fumer-kool-light-3000w\/#primaryimage"},"thumbnailUrl":"https:\/\/globalacoustic.fr\/wp-content\/uploads\/2022\/04\/Machine-a-fumer-Kool-Light-3000w-1.jpg","datePublished":"2022-04-27T09:11:50+00:00","breadcrumb":{"@id":"https:\/\/globalacoustic.fr\/index.php\/produit\/machine-a-fumer-kool-light-3000w\/#breadcrumb"},"inLanguage":"en-US","potentialAction":[{"@type":"ReadAction","target":["https:\/\/globalacoustic.fr\/index.php\/produit\/machine-a-fumer-kool-light-3000w\/"]}]},{"@type":"ImageObject","inLanguage":"en-US","@id":"https:\/\/globalacoustic.fr\/index.php\/produit\/machine-a-fumer-kool-light-3000w\/#primaryimage","url":"https:\/\/globalacoustic.fr\/wp-content\/uploads\/2022\/04\/Machine-a-fumer-Kool-Light-3000w-1.jpg","contentUrl":"https:\/\/globalacoustic.fr\/wp-content\/uploads\/2022\/04\/Machine-a-fumer-Kool-Light-3000w-1.jpg","width":800,"height":800,"caption":"Machine \u00e0 fumer Kool Light 3000w-1"},{"@type":"BreadcrumbList","@id":"https:\/\/globalacoustic.fr\/index.php\/produit\/machine-a-fumer-kool-light-3000w\/#breadcrumb","itemListElement":[{"@type":"ListItem","position":1,"name":"Accueil","item":"https:\/\/globalacoustic.fr\/"},{"@type":"ListItem","position":2,"name":"Location","item":"https:\/\/globalacoustic.fr\/index.php\/location\/"},{"@type":"ListItem","position":3,"name":"Machine \u00e0 fumer Kool Light 3000w"}]},{"@type":"WebSite","@id":"https:\/\/globalacoustic.fr\/#website","url":"https:\/\/globalacoustic.fr\/","name":"Global Acoustic","description":"Le bon choix, au bon moment. Global Acoustic","publisher":{"@id":"https:\/\/globalacoustic.fr\/#organization"},"alternateName":"globalacoustic.fr","potentialAction":[{"@type":"SearchAction","target":{"@type":"EntryPoint","urlTemplate":"https:\/\/globalacoustic.fr\/?s={search_term_string}"},"query-input":{"@type":"PropertyValueSpecification","valueRequired":true,"valueName":"search_term_string"}}],"inLanguage":"en-US"},{"@type":"Organization","@id":"https:\/\/globalacoustic.fr\/#organization","name":"Global Acoustic","url":"https:\/\/globalacoustic.fr\/","logo":{"@type":"ImageObject","inLanguage":"en-US","@id":"https:\/\/globalacoustic.fr\/#\/schema\/logo\/image\/","url":"https:\/\/globalacoustic.fr\/wp-content\/uploads\/2022\/04\/cropped-logo-global-acoustic.jpg","contentUrl":"https:\/\/globalacoustic.fr\/wp-content\/uploads\/2022\/04\/cropped-logo-global-acoustic.jpg","width":1080,"height":398,"caption":"Global Acoustic"},"image":{"@id":"https:\/\/globalacoustic.fr\/#\/schema\/logo\/image\/"},"sameAs":["https:\/\/m.facebook.com\/p\/Global-Acoustic-100070827399345\/"]}]}},"jetpack_sharing_enabled":true,"_links":{"self":[{"href":"https:\/\/globalacoustic.fr\/index.php\/wp-json\/wp\/v2\/product\/155","targetHints":{"allow":["GET"]}}],"collection":[{"href":"https:\/\/globalacoustic.fr\/index.php\/wp-json\/wp\/v2\/product"}],"about":[{"href":"https:\/\/globalacoustic.fr\/index.php\/wp-json\/wp\/v2\/types\/product"}],"replies":[{"embeddable":true,"href":"https:\/\/globalacoustic.fr\/index.php\/wp-json\/wp\/v2\/comments?post=155"}],"wp:featuredmedia":[{"embeddable":true,"href":"https:\/\/globalacoustic.fr\/index.php\/wp-json\/wp\/v2\/media\/156"}],"wp:attachment":[{"href":"https:\/\/globalacoustic.fr\/index.php\/wp-json\/wp\/v2\/media?parent=155"}],"wp:term":[{"taxonomy":"product_brand","embeddable":true,"href":"https:\/\/globalacoustic.fr\/index.php\/wp-json\/wp\/v2\/product_brand?post=155"},{"taxonomy":"product_cat","embeddable":true,"href":"https:\/\/globalacoustic.fr\/index.php\/wp-json\/wp\/v2\/product_cat?post=155"},{"taxonomy":"product_tag","embeddable":true,"href":"https:\/\/globalacoustic.fr\/index.php\/wp-json\/wp\/v2\/product_tag?post=155"}],"curies":[{"name":"wp","href":"https:\/\/api.w.org\/{rel}","templated":true}]}}