{"id":164,"date":"2022-04-27T11:19:35","date_gmt":"2022-04-27T09:19:35","guid":{"rendered":"https:\/\/globalacoustic.fr\/?post_type=product&#038;p=164"},"modified":"2022-04-27T11:23:46","modified_gmt":"2022-04-27T09:23:46","slug":"power-lighting-par-slim-18x10w-ip65-penta40","status":"publish","type":"product","link":"https:\/\/globalacoustic.fr\/index.php\/produit\/power-lighting-par-slim-18x10w-ip65-penta40\/","title":{"rendered":"Power Lighting PAR SLIM 18x10W IP65 PENTA40"},"content":{"rendered":"<h1 class=\"page-title\"><span class=\"base\" data-ui-id=\"page-title-wrapper\">Power Lighting : PAR SLIM. 18x10W. IP65. PENTA 40<\/span><\/h1>\n<p>Power Lighting Par Slim 18 Leds de 10W 5-en-1 (angle 40\u00b0)<\/p>\n<p>Projecteur IP65 \u00e0 LED Power Lighting de type Wash comprenant 18 LEDs de 10W 5<br \/>\n-en<br \/>\n-1 (RGBWA). Coque en aluminium moul\u00e9e. Nouvelle technologie de gradation \u00e9lectronique (PWM) \u00e9liminant les scintillements. Ouverture du faisceau \u00e0 40\u00b0. Utilisation en mode DMX, musical ou automatique. Id\u00e9al pour des installations ou prestations ext\u00e9rieures. Format compact, d\u2019une grande robustesse et ultra silencieux. Caract\u00e9ristiques techniques :<br \/>\n&#8211; Type de LEDs : 18 LEDs de 10W RGBWA 5<br \/>\n-en<br \/>\n-1 (Rouge, Vert, Bleu, Blanc, Ambre)<br \/>\n&#8211; Dur\u00e9e de vie : 50 000 heures<br \/>\n&#8211; Utilisation : ext\u00e9rieure (norme IP 65)<br \/>\n&#8211; \u00c9cran d\u2019affichage LED<br \/>\n&#8211; Nouveau syst\u00e8me \u00e9lectronique de gradation (PWM) : 23 KHz et scintillement r\u00e9el<br \/>\n&#8211; Mat\u00e9riau : aluminium moul\u00e9<br \/>\n&#8211; Ventilateur silencieux<br \/>\n&#8211; Temp\u00e9rature de fonctionnement autor\u00e9glable pour une protection en cas de surchauffe<br \/>\n&#8211; Angle de faisceau : 40\u00b0<br \/>\n&#8211; Variation lin\u00e9aire : 0<br \/>\n-100 % lampes stroboscopiques s\u00e9par\u00e9es<br \/>\n&#8211; Modes de fonctionnement : DMX, Ma\u00eetre\/Esclave, Automatique, Son<br \/>\n&#8211; 2 Modes DMX : 7 et 10 canaux<br \/>\n&#8211; DMX : IN\/OUT<br \/>\n&#8211; 1 mode Auto ou Audio<br \/>\n&#8211; Temp\u00e9rature de fonctionnement :<br \/>\n-20 \u00b0C \u00e0 40 \u00b0C<br \/>\n&#8211; IEC : IN\/OUT<br \/>\n&#8211; Alimentation : 100<br \/>\n-240V, 50\/60 Hz<br \/>\n&#8211; Consommation : 180W max.<br \/>\n&#8211; Support de suspension inclus<br \/>\n&#8211; Dimensions (L x P x H) : 324 x 148 x 303 mm<br \/>\n&#8211; Poids : 4,95 Kg<\/p>\n","protected":false},"excerpt":{"rendered":"<p>Le Power Lighting Par SLIM 18x10W IP65 PENTA40.<\/p>\n<p>Projecteur IP65 \u00e0 LED Power Lighting de type Wash comprenant 18 LEDs de 10W 5-en-1 (RGBWA). Coque en aluminium moul\u00e9e. Nouvelle technologie de gradation \u00e9lectronique (PWM) \u00e9liminant les scintillements. Ouverture du faisceau \u00e0 40\u00b0. Utilisation en mode DMX, musical ou automatique. Id\u00e9al pour des installations ou prestations ext\u00e9rieures. Format compact, d\u2019une grande robustesse et ultra silencieux.<\/p>\n","protected":false},"featured_media":165,"comment_status":"open","ping_status":"closed","template":"","meta":[],"product_brand":[],"product_cat":[29,37],"product_tag":[69],"class_list":{"0":"post-164","1":"product","2":"type-product","3":"status-publish","4":"has-post-thumbnail","6":"product_cat-eclairage","7":"product_cat-led","8":"product_tag-led","10":"first","11":"instock","12":"taxable","13":"shipping-taxable","14":"product-type-simple"},"yoast_head":"<!-- This site is optimized with the Yoast SEO plugin v27.4 - https:\/\/yoast.com\/product\/yoast-seo-wordpress\/ -->\n<title>location-sonorisation<\/title>\n<meta name=\"description\" content=\"Produit-location-sonorisation-global acoustic-Plus de 30 ans d\u2019exp\u00e9rience \u00e0 votre service.\" \/>\n<meta name=\"robots\" content=\"index, follow, max-snippet:-1, max-image-preview:large, max-video-preview:-1\" \/>\n<link rel=\"canonical\" href=\"https:\/\/globalacoustic.fr\/index.php\/produit\/power-lighting-par-slim-18x10w-ip65-penta40\/\" \/>\n<meta property=\"og:locale\" content=\"en_US\" \/>\n<meta property=\"og:type\" content=\"article\" \/>\n<meta property=\"og:title\" content=\"location-sonorisation\" \/>\n<meta property=\"og:description\" content=\"Produit-location-sonorisation-global acoustic-Plus de 30 ans d\u2019exp\u00e9rience \u00e0 votre service.\" \/>\n<meta property=\"og:url\" content=\"https:\/\/globalacoustic.fr\/index.php\/produit\/power-lighting-par-slim-18x10w-ip65-penta40\/\" \/>\n<meta property=\"og:site_name\" content=\"Global Acoustic\" \/>\n<meta property=\"article:publisher\" content=\"https:\/\/m.facebook.com\/p\/Global-Acoustic-100070827399345\/\" \/>\n<meta property=\"article:modified_time\" content=\"2022-04-27T09:23:46+00:00\" \/>\n<meta property=\"og:image\" content=\"https:\/\/globalacoustic.fr\/wp-content\/uploads\/2022\/04\/PAR-SLIM-PENTA-40.jpg\" \/>\n\t<meta property=\"og:image:width\" content=\"624\" \/>\n\t<meta property=\"og:image:height\" content=\"789\" \/>\n\t<meta property=\"og:image:type\" content=\"image\/jpeg\" \/>\n<meta name=\"twitter:card\" content=\"summary_large_image\" \/>\n<meta name=\"twitter:label1\" content=\"Est. reading time\" \/>\n\t<meta name=\"twitter:data1\" content=\"1 minute\" \/>\n<script type=\"application\/ld+json\" class=\"yoast-schema-graph\">{\"@context\":\"https:\\\/\\\/schema.org\",\"@graph\":[{\"@type\":\"WebPage\",\"@id\":\"https:\\\/\\\/globalacoustic.fr\\\/index.php\\\/produit\\\/power-lighting-par-slim-18x10w-ip65-penta40\\\/\",\"url\":\"https:\\\/\\\/globalacoustic.fr\\\/index.php\\\/produit\\\/power-lighting-par-slim-18x10w-ip65-penta40\\\/\",\"name\":\"location-sonorisation\",\"isPartOf\":{\"@id\":\"https:\\\/\\\/globalacoustic.fr\\\/#website\"},\"primaryImageOfPage\":{\"@id\":\"https:\\\/\\\/globalacoustic.fr\\\/index.php\\\/produit\\\/power-lighting-par-slim-18x10w-ip65-penta40\\\/#primaryimage\"},\"image\":{\"@id\":\"https:\\\/\\\/globalacoustic.fr\\\/index.php\\\/produit\\\/power-lighting-par-slim-18x10w-ip65-penta40\\\/#primaryimage\"},\"thumbnailUrl\":\"https:\\\/\\\/globalacoustic.fr\\\/wp-content\\\/uploads\\\/2022\\\/04\\\/PAR-SLIM-PENTA-40.jpg\",\"datePublished\":\"2022-04-27T09:19:35+00:00\",\"dateModified\":\"2022-04-27T09:23:46+00:00\",\"description\":\"Produit-location-sonorisation-global acoustic-Plus de 30 ans d\u2019exp\u00e9rience \u00e0 votre service.\",\"breadcrumb\":{\"@id\":\"https:\\\/\\\/globalacoustic.fr\\\/index.php\\\/produit\\\/power-lighting-par-slim-18x10w-ip65-penta40\\\/#breadcrumb\"},\"inLanguage\":\"en-US\",\"potentialAction\":[{\"@type\":\"ReadAction\",\"target\":[\"https:\\\/\\\/globalacoustic.fr\\\/index.php\\\/produit\\\/power-lighting-par-slim-18x10w-ip65-penta40\\\/\"]}]},{\"@type\":\"ImageObject\",\"inLanguage\":\"en-US\",\"@id\":\"https:\\\/\\\/globalacoustic.fr\\\/index.php\\\/produit\\\/power-lighting-par-slim-18x10w-ip65-penta40\\\/#primaryimage\",\"url\":\"https:\\\/\\\/globalacoustic.fr\\\/wp-content\\\/uploads\\\/2022\\\/04\\\/PAR-SLIM-PENTA-40.jpg\",\"contentUrl\":\"https:\\\/\\\/globalacoustic.fr\\\/wp-content\\\/uploads\\\/2022\\\/04\\\/PAR-SLIM-PENTA-40.jpg\",\"width\":624,\"height\":789},{\"@type\":\"BreadcrumbList\",\"@id\":\"https:\\\/\\\/globalacoustic.fr\\\/index.php\\\/produit\\\/power-lighting-par-slim-18x10w-ip65-penta40\\\/#breadcrumb\",\"itemListElement\":[{\"@type\":\"ListItem\",\"position\":1,\"name\":\"Accueil\",\"item\":\"https:\\\/\\\/globalacoustic.fr\\\/\"},{\"@type\":\"ListItem\",\"position\":2,\"name\":\"Location\",\"item\":\"https:\\\/\\\/globalacoustic.fr\\\/index.php\\\/location\\\/\"},{\"@type\":\"ListItem\",\"position\":3,\"name\":\"Power Lighting PAR SLIM 18x10W IP65 PENTA40\"}]},{\"@type\":\"WebSite\",\"@id\":\"https:\\\/\\\/globalacoustic.fr\\\/#website\",\"url\":\"https:\\\/\\\/globalacoustic.fr\\\/\",\"name\":\"Global Acoustic\",\"description\":\"Le bon choix, au bon moment. Global Acoustic\",\"publisher\":{\"@id\":\"https:\\\/\\\/globalacoustic.fr\\\/#organization\"},\"alternateName\":\"globalacoustic.fr\",\"potentialAction\":[{\"@type\":\"SearchAction\",\"target\":{\"@type\":\"EntryPoint\",\"urlTemplate\":\"https:\\\/\\\/globalacoustic.fr\\\/?s={search_term_string}\"},\"query-input\":{\"@type\":\"PropertyValueSpecification\",\"valueRequired\":true,\"valueName\":\"search_term_string\"}}],\"inLanguage\":\"en-US\"},{\"@type\":\"Organization\",\"@id\":\"https:\\\/\\\/globalacoustic.fr\\\/#organization\",\"name\":\"Global Acoustic\",\"url\":\"https:\\\/\\\/globalacoustic.fr\\\/\",\"logo\":{\"@type\":\"ImageObject\",\"inLanguage\":\"en-US\",\"@id\":\"https:\\\/\\\/globalacoustic.fr\\\/#\\\/schema\\\/logo\\\/image\\\/\",\"url\":\"https:\\\/\\\/globalacoustic.fr\\\/wp-content\\\/uploads\\\/2022\\\/04\\\/cropped-logo-global-acoustic.jpg\",\"contentUrl\":\"https:\\\/\\\/globalacoustic.fr\\\/wp-content\\\/uploads\\\/2022\\\/04\\\/cropped-logo-global-acoustic.jpg\",\"width\":1080,\"height\":398,\"caption\":\"Global Acoustic\"},\"image\":{\"@id\":\"https:\\\/\\\/globalacoustic.fr\\\/#\\\/schema\\\/logo\\\/image\\\/\"},\"sameAs\":[\"https:\\\/\\\/m.facebook.com\\\/p\\\/Global-Acoustic-100070827399345\\\/\"]}]}<\/script>\n<!-- \/ Yoast SEO plugin. -->","yoast_head_json":{"title":"location-sonorisation","description":"Produit-location-sonorisation-global acoustic-Plus de 30 ans d\u2019exp\u00e9rience \u00e0 votre service.","robots":{"index":"index","follow":"follow","max-snippet":"max-snippet:-1","max-image-preview":"max-image-preview:large","max-video-preview":"max-video-preview:-1"},"canonical":"https:\/\/globalacoustic.fr\/index.php\/produit\/power-lighting-par-slim-18x10w-ip65-penta40\/","og_locale":"en_US","og_type":"article","og_title":"location-sonorisation","og_description":"Produit-location-sonorisation-global acoustic-Plus de 30 ans d\u2019exp\u00e9rience \u00e0 votre service.","og_url":"https:\/\/globalacoustic.fr\/index.php\/produit\/power-lighting-par-slim-18x10w-ip65-penta40\/","og_site_name":"Global Acoustic","article_publisher":"https:\/\/m.facebook.com\/p\/Global-Acoustic-100070827399345\/","article_modified_time":"2022-04-27T09:23:46+00:00","og_image":[{"width":624,"height":789,"url":"https:\/\/globalacoustic.fr\/wp-content\/uploads\/2022\/04\/PAR-SLIM-PENTA-40.jpg","type":"image\/jpeg"}],"twitter_card":"summary_large_image","twitter_misc":{"Est. reading time":"1 minute"},"schema":{"@context":"https:\/\/schema.org","@graph":[{"@type":"WebPage","@id":"https:\/\/globalacoustic.fr\/index.php\/produit\/power-lighting-par-slim-18x10w-ip65-penta40\/","url":"https:\/\/globalacoustic.fr\/index.php\/produit\/power-lighting-par-slim-18x10w-ip65-penta40\/","name":"location-sonorisation","isPartOf":{"@id":"https:\/\/globalacoustic.fr\/#website"},"primaryImageOfPage":{"@id":"https:\/\/globalacoustic.fr\/index.php\/produit\/power-lighting-par-slim-18x10w-ip65-penta40\/#primaryimage"},"image":{"@id":"https:\/\/globalacoustic.fr\/index.php\/produit\/power-lighting-par-slim-18x10w-ip65-penta40\/#primaryimage"},"thumbnailUrl":"https:\/\/globalacoustic.fr\/wp-content\/uploads\/2022\/04\/PAR-SLIM-PENTA-40.jpg","datePublished":"2022-04-27T09:19:35+00:00","dateModified":"2022-04-27T09:23:46+00:00","description":"Produit-location-sonorisation-global acoustic-Plus de 30 ans d\u2019exp\u00e9rience \u00e0 votre service.","breadcrumb":{"@id":"https:\/\/globalacoustic.fr\/index.php\/produit\/power-lighting-par-slim-18x10w-ip65-penta40\/#breadcrumb"},"inLanguage":"en-US","potentialAction":[{"@type":"ReadAction","target":["https:\/\/globalacoustic.fr\/index.php\/produit\/power-lighting-par-slim-18x10w-ip65-penta40\/"]}]},{"@type":"ImageObject","inLanguage":"en-US","@id":"https:\/\/globalacoustic.fr\/index.php\/produit\/power-lighting-par-slim-18x10w-ip65-penta40\/#primaryimage","url":"https:\/\/globalacoustic.fr\/wp-content\/uploads\/2022\/04\/PAR-SLIM-PENTA-40.jpg","contentUrl":"https:\/\/globalacoustic.fr\/wp-content\/uploads\/2022\/04\/PAR-SLIM-PENTA-40.jpg","width":624,"height":789},{"@type":"BreadcrumbList","@id":"https:\/\/globalacoustic.fr\/index.php\/produit\/power-lighting-par-slim-18x10w-ip65-penta40\/#breadcrumb","itemListElement":[{"@type":"ListItem","position":1,"name":"Accueil","item":"https:\/\/globalacoustic.fr\/"},{"@type":"ListItem","position":2,"name":"Location","item":"https:\/\/globalacoustic.fr\/index.php\/location\/"},{"@type":"ListItem","position":3,"name":"Power Lighting PAR SLIM 18x10W IP65 PENTA40"}]},{"@type":"WebSite","@id":"https:\/\/globalacoustic.fr\/#website","url":"https:\/\/globalacoustic.fr\/","name":"Global Acoustic","description":"Le bon choix, au bon moment. Global Acoustic","publisher":{"@id":"https:\/\/globalacoustic.fr\/#organization"},"alternateName":"globalacoustic.fr","potentialAction":[{"@type":"SearchAction","target":{"@type":"EntryPoint","urlTemplate":"https:\/\/globalacoustic.fr\/?s={search_term_string}"},"query-input":{"@type":"PropertyValueSpecification","valueRequired":true,"valueName":"search_term_string"}}],"inLanguage":"en-US"},{"@type":"Organization","@id":"https:\/\/globalacoustic.fr\/#organization","name":"Global Acoustic","url":"https:\/\/globalacoustic.fr\/","logo":{"@type":"ImageObject","inLanguage":"en-US","@id":"https:\/\/globalacoustic.fr\/#\/schema\/logo\/image\/","url":"https:\/\/globalacoustic.fr\/wp-content\/uploads\/2022\/04\/cropped-logo-global-acoustic.jpg","contentUrl":"https:\/\/globalacoustic.fr\/wp-content\/uploads\/2022\/04\/cropped-logo-global-acoustic.jpg","width":1080,"height":398,"caption":"Global Acoustic"},"image":{"@id":"https:\/\/globalacoustic.fr\/#\/schema\/logo\/image\/"},"sameAs":["https:\/\/m.facebook.com\/p\/Global-Acoustic-100070827399345\/"]}]}},"jetpack_sharing_enabled":true,"_links":{"self":[{"href":"https:\/\/globalacoustic.fr\/index.php\/wp-json\/wp\/v2\/product\/164","targetHints":{"allow":["GET"]}}],"collection":[{"href":"https:\/\/globalacoustic.fr\/index.php\/wp-json\/wp\/v2\/product"}],"about":[{"href":"https:\/\/globalacoustic.fr\/index.php\/wp-json\/wp\/v2\/types\/product"}],"replies":[{"embeddable":true,"href":"https:\/\/globalacoustic.fr\/index.php\/wp-json\/wp\/v2\/comments?post=164"}],"wp:featuredmedia":[{"embeddable":true,"href":"https:\/\/globalacoustic.fr\/index.php\/wp-json\/wp\/v2\/media\/165"}],"wp:attachment":[{"href":"https:\/\/globalacoustic.fr\/index.php\/wp-json\/wp\/v2\/media?parent=164"}],"wp:term":[{"taxonomy":"product_brand","embeddable":true,"href":"https:\/\/globalacoustic.fr\/index.php\/wp-json\/wp\/v2\/product_brand?post=164"},{"taxonomy":"product_cat","embeddable":true,"href":"https:\/\/globalacoustic.fr\/index.php\/wp-json\/wp\/v2\/product_cat?post=164"},{"taxonomy":"product_tag","embeddable":true,"href":"https:\/\/globalacoustic.fr\/index.php\/wp-json\/wp\/v2\/product_tag?post=164"}],"curies":[{"name":"wp","href":"https:\/\/api.w.org\/{rel}","templated":true}]}}