{"id":178,"date":"2022-04-28T08:24:08","date_gmt":"2022-04-28T06:24:08","guid":{"rendered":"https:\/\/globalacoustic.fr\/?post_type=product&#038;p=178"},"modified":"2022-04-28T08:24:08","modified_gmt":"2022-04-28T06:24:08","slug":"videoprojecteur-fullhd-benq-4000-lumens","status":"publish","type":"product","link":"https:\/\/globalacoustic.fr\/index.php\/produit\/videoprojecteur-fullhd-benq-4000-lumens\/","title":{"rendered":"Vid\u00e9oprojecteur FULL-HD Benq 4000 lumens"},"content":{"rendered":"<section class=\"page-product-box\">\n<h3 class=\"page-product-heading\">Fiche technique<\/h3>\n<table class=\"table-data-sheet\">\n<tbody>\n<tr class=\"odd\">\n<td>Convient pour une salle de<\/td>\n<td>300 \u00e0 500 personnes<\/td>\n<\/tr>\n<tr class=\"even\">\n<td>Type d&#8217;\u00e9v\u00e8nement \/ d&#8217;utilisation<\/td>\n<td>Tous \u00e9v\u00e8nements<\/td>\n<\/tr>\n<tr class=\"odd\">\n<td>V\u00e9hicule conseill\u00e9<\/td>\n<td>1 m3<\/td>\n<\/tr>\n<tr class=\"even\">\n<td>Puissance<\/td>\n<td>4000 lumens<\/td>\n<\/tr>\n<tr class=\"odd\">\n<td>Ratio (Natif)<\/td>\n<td>16\/10<\/td>\n<\/tr>\n<tr class=\"even\">\n<td>Type de connectique<\/td>\n<td>Vid\u00e9o \/ S-vid\u00e9o \/ XGA \/ HDMI<\/td>\n<\/tr>\n<\/tbody>\n<\/table>\n<\/section>\n<section class=\"page-product-box\">\n<div class=\"rte\">\n<p><span class=\"loc_comprenant_titre\"> Location comprenant :<br \/>\n<\/span><\/p>\n<ul>\n<li><span class=\"loc_comprenant\"> 1 x video projecteur 4000 lumens BENQ<\/span><\/li>\n<li><span class=\"loc_comprenant\">HDMI, VGA in\/out, USB, Video, S-Video<br \/>\n<\/span><\/li>\n<li><span class=\"loc_comprenant\">1 x t\u00e9l\u00e9commande<\/span><\/li>\n<\/ul>\n<\/div>\n<\/section>\n","protected":false},"excerpt":{"rendered":"<p>louez un vid\u00e9oprojecteur haute r\u00e9solution et puissant pour vos pr\u00e9sentations informatique ou vid\u00e9o, parfait pour les soir\u00e9es gaming<\/p>\n<p>CAUTION D&#8217;UN MONTANT DE <strong>800\u20ac PAR EMPREINTE CB UNIQUEMENT !<\/strong><\/p>\n","protected":false},"featured_media":123,"comment_status":"open","ping_status":"closed","template":"","meta":[],"product_brand":[],"product_cat":[15,25],"product_tag":[73],"class_list":{"0":"post-178","1":"product","2":"type-product","3":"status-publish","4":"has-post-thumbnail","6":"product_cat-video","7":"product_cat-video-projecteur","8":"product_tag-video-preojecteur","10":"first","11":"instock","12":"taxable","13":"shipping-taxable","14":"product-type-simple"},"yoast_head":"<!-- This site is optimized with the Yoast SEO plugin v27.4 - https:\/\/yoast.com\/product\/yoast-seo-wordpress\/ -->\n<title>location-sonorisation<\/title>\n<meta name=\"description\" content=\"Produit-location-sonorisation-global acoustic-Plus de 30 ans d\u2019exp\u00e9rience \u00e0 votre service.\" \/>\n<meta name=\"robots\" content=\"index, follow, max-snippet:-1, max-image-preview:large, max-video-preview:-1\" \/>\n<link rel=\"canonical\" href=\"https:\/\/globalacoustic.fr\/index.php\/produit\/videoprojecteur-fullhd-benq-4000-lumens\/\" \/>\n<meta property=\"og:locale\" content=\"en_US\" \/>\n<meta property=\"og:type\" content=\"article\" \/>\n<meta property=\"og:title\" content=\"location-sonorisation\" \/>\n<meta property=\"og:description\" content=\"Produit-location-sonorisation-global acoustic-Plus de 30 ans d\u2019exp\u00e9rience \u00e0 votre service.\" \/>\n<meta property=\"og:url\" content=\"https:\/\/globalacoustic.fr\/index.php\/produit\/videoprojecteur-fullhd-benq-4000-lumens\/\" \/>\n<meta property=\"og:site_name\" content=\"Global Acoustic\" \/>\n<meta property=\"article:publisher\" content=\"https:\/\/m.facebook.com\/p\/Global-Acoustic-100070827399345\/\" \/>\n<meta property=\"og:image\" content=\"https:\/\/globalacoustic.fr\/wp-content\/uploads\/2022\/04\/videoprojecteur-4000-lumens-benq-.jpg\" \/>\n\t<meta property=\"og:image:width\" content=\"800\" \/>\n\t<meta property=\"og:image:height\" content=\"800\" \/>\n\t<meta property=\"og:image:type\" content=\"image\/jpeg\" \/>\n<meta name=\"twitter:card\" content=\"summary_large_image\" \/>\n<script type=\"application\/ld+json\" class=\"yoast-schema-graph\">{\"@context\":\"https:\\\/\\\/schema.org\",\"@graph\":[{\"@type\":\"WebPage\",\"@id\":\"https:\\\/\\\/globalacoustic.fr\\\/index.php\\\/produit\\\/videoprojecteur-fullhd-benq-4000-lumens\\\/\",\"url\":\"https:\\\/\\\/globalacoustic.fr\\\/index.php\\\/produit\\\/videoprojecteur-fullhd-benq-4000-lumens\\\/\",\"name\":\"location-sonorisation\",\"isPartOf\":{\"@id\":\"https:\\\/\\\/globalacoustic.fr\\\/#website\"},\"primaryImageOfPage\":{\"@id\":\"https:\\\/\\\/globalacoustic.fr\\\/index.php\\\/produit\\\/videoprojecteur-fullhd-benq-4000-lumens\\\/#primaryimage\"},\"image\":{\"@id\":\"https:\\\/\\\/globalacoustic.fr\\\/index.php\\\/produit\\\/videoprojecteur-fullhd-benq-4000-lumens\\\/#primaryimage\"},\"thumbnailUrl\":\"https:\\\/\\\/globalacoustic.fr\\\/wp-content\\\/uploads\\\/2022\\\/04\\\/videoprojecteur-4000-lumens-benq-.jpg\",\"datePublished\":\"2022-04-28T06:24:08+00:00\",\"description\":\"Produit-location-sonorisation-global acoustic-Plus de 30 ans d\u2019exp\u00e9rience \u00e0 votre service.\",\"breadcrumb\":{\"@id\":\"https:\\\/\\\/globalacoustic.fr\\\/index.php\\\/produit\\\/videoprojecteur-fullhd-benq-4000-lumens\\\/#breadcrumb\"},\"inLanguage\":\"en-US\",\"potentialAction\":[{\"@type\":\"ReadAction\",\"target\":[\"https:\\\/\\\/globalacoustic.fr\\\/index.php\\\/produit\\\/videoprojecteur-fullhd-benq-4000-lumens\\\/\"]}]},{\"@type\":\"ImageObject\",\"inLanguage\":\"en-US\",\"@id\":\"https:\\\/\\\/globalacoustic.fr\\\/index.php\\\/produit\\\/videoprojecteur-fullhd-benq-4000-lumens\\\/#primaryimage\",\"url\":\"https:\\\/\\\/globalacoustic.fr\\\/wp-content\\\/uploads\\\/2022\\\/04\\\/videoprojecteur-4000-lumens-benq-.jpg\",\"contentUrl\":\"https:\\\/\\\/globalacoustic.fr\\\/wp-content\\\/uploads\\\/2022\\\/04\\\/videoprojecteur-4000-lumens-benq-.jpg\",\"width\":800,\"height\":800},{\"@type\":\"BreadcrumbList\",\"@id\":\"https:\\\/\\\/globalacoustic.fr\\\/index.php\\\/produit\\\/videoprojecteur-fullhd-benq-4000-lumens\\\/#breadcrumb\",\"itemListElement\":[{\"@type\":\"ListItem\",\"position\":1,\"name\":\"Accueil\",\"item\":\"https:\\\/\\\/globalacoustic.fr\\\/\"},{\"@type\":\"ListItem\",\"position\":2,\"name\":\"Location\",\"item\":\"https:\\\/\\\/globalacoustic.fr\\\/index.php\\\/location\\\/\"},{\"@type\":\"ListItem\",\"position\":3,\"name\":\"Vid\u00e9oprojecteur FULL-HD Benq 4000 lumens\"}]},{\"@type\":\"WebSite\",\"@id\":\"https:\\\/\\\/globalacoustic.fr\\\/#website\",\"url\":\"https:\\\/\\\/globalacoustic.fr\\\/\",\"name\":\"Global Acoustic\",\"description\":\"Le bon choix, au bon moment. Global Acoustic\",\"publisher\":{\"@id\":\"https:\\\/\\\/globalacoustic.fr\\\/#organization\"},\"alternateName\":\"globalacoustic.fr\",\"potentialAction\":[{\"@type\":\"SearchAction\",\"target\":{\"@type\":\"EntryPoint\",\"urlTemplate\":\"https:\\\/\\\/globalacoustic.fr\\\/?s={search_term_string}\"},\"query-input\":{\"@type\":\"PropertyValueSpecification\",\"valueRequired\":true,\"valueName\":\"search_term_string\"}}],\"inLanguage\":\"en-US\"},{\"@type\":\"Organization\",\"@id\":\"https:\\\/\\\/globalacoustic.fr\\\/#organization\",\"name\":\"Global Acoustic\",\"url\":\"https:\\\/\\\/globalacoustic.fr\\\/\",\"logo\":{\"@type\":\"ImageObject\",\"inLanguage\":\"en-US\",\"@id\":\"https:\\\/\\\/globalacoustic.fr\\\/#\\\/schema\\\/logo\\\/image\\\/\",\"url\":\"https:\\\/\\\/globalacoustic.fr\\\/wp-content\\\/uploads\\\/2022\\\/04\\\/cropped-logo-global-acoustic.jpg\",\"contentUrl\":\"https:\\\/\\\/globalacoustic.fr\\\/wp-content\\\/uploads\\\/2022\\\/04\\\/cropped-logo-global-acoustic.jpg\",\"width\":1080,\"height\":398,\"caption\":\"Global Acoustic\"},\"image\":{\"@id\":\"https:\\\/\\\/globalacoustic.fr\\\/#\\\/schema\\\/logo\\\/image\\\/\"},\"sameAs\":[\"https:\\\/\\\/m.facebook.com\\\/p\\\/Global-Acoustic-100070827399345\\\/\"]}]}<\/script>\n<!-- \/ Yoast SEO plugin. -->","yoast_head_json":{"title":"location-sonorisation","description":"Produit-location-sonorisation-global acoustic-Plus de 30 ans d\u2019exp\u00e9rience \u00e0 votre service.","robots":{"index":"index","follow":"follow","max-snippet":"max-snippet:-1","max-image-preview":"max-image-preview:large","max-video-preview":"max-video-preview:-1"},"canonical":"https:\/\/globalacoustic.fr\/index.php\/produit\/videoprojecteur-fullhd-benq-4000-lumens\/","og_locale":"en_US","og_type":"article","og_title":"location-sonorisation","og_description":"Produit-location-sonorisation-global acoustic-Plus de 30 ans d\u2019exp\u00e9rience \u00e0 votre service.","og_url":"https:\/\/globalacoustic.fr\/index.php\/produit\/videoprojecteur-fullhd-benq-4000-lumens\/","og_site_name":"Global Acoustic","article_publisher":"https:\/\/m.facebook.com\/p\/Global-Acoustic-100070827399345\/","og_image":[{"width":800,"height":800,"url":"https:\/\/globalacoustic.fr\/wp-content\/uploads\/2022\/04\/videoprojecteur-4000-lumens-benq-.jpg","type":"image\/jpeg"}],"twitter_card":"summary_large_image","schema":{"@context":"https:\/\/schema.org","@graph":[{"@type":"WebPage","@id":"https:\/\/globalacoustic.fr\/index.php\/produit\/videoprojecteur-fullhd-benq-4000-lumens\/","url":"https:\/\/globalacoustic.fr\/index.php\/produit\/videoprojecteur-fullhd-benq-4000-lumens\/","name":"location-sonorisation","isPartOf":{"@id":"https:\/\/globalacoustic.fr\/#website"},"primaryImageOfPage":{"@id":"https:\/\/globalacoustic.fr\/index.php\/produit\/videoprojecteur-fullhd-benq-4000-lumens\/#primaryimage"},"image":{"@id":"https:\/\/globalacoustic.fr\/index.php\/produit\/videoprojecteur-fullhd-benq-4000-lumens\/#primaryimage"},"thumbnailUrl":"https:\/\/globalacoustic.fr\/wp-content\/uploads\/2022\/04\/videoprojecteur-4000-lumens-benq-.jpg","datePublished":"2022-04-28T06:24:08+00:00","description":"Produit-location-sonorisation-global acoustic-Plus de 30 ans d\u2019exp\u00e9rience \u00e0 votre service.","breadcrumb":{"@id":"https:\/\/globalacoustic.fr\/index.php\/produit\/videoprojecteur-fullhd-benq-4000-lumens\/#breadcrumb"},"inLanguage":"en-US","potentialAction":[{"@type":"ReadAction","target":["https:\/\/globalacoustic.fr\/index.php\/produit\/videoprojecteur-fullhd-benq-4000-lumens\/"]}]},{"@type":"ImageObject","inLanguage":"en-US","@id":"https:\/\/globalacoustic.fr\/index.php\/produit\/videoprojecteur-fullhd-benq-4000-lumens\/#primaryimage","url":"https:\/\/globalacoustic.fr\/wp-content\/uploads\/2022\/04\/videoprojecteur-4000-lumens-benq-.jpg","contentUrl":"https:\/\/globalacoustic.fr\/wp-content\/uploads\/2022\/04\/videoprojecteur-4000-lumens-benq-.jpg","width":800,"height":800},{"@type":"BreadcrumbList","@id":"https:\/\/globalacoustic.fr\/index.php\/produit\/videoprojecteur-fullhd-benq-4000-lumens\/#breadcrumb","itemListElement":[{"@type":"ListItem","position":1,"name":"Accueil","item":"https:\/\/globalacoustic.fr\/"},{"@type":"ListItem","position":2,"name":"Location","item":"https:\/\/globalacoustic.fr\/index.php\/location\/"},{"@type":"ListItem","position":3,"name":"Vid\u00e9oprojecteur FULL-HD Benq 4000 lumens"}]},{"@type":"WebSite","@id":"https:\/\/globalacoustic.fr\/#website","url":"https:\/\/globalacoustic.fr\/","name":"Global Acoustic","description":"Le bon choix, au bon moment. Global Acoustic","publisher":{"@id":"https:\/\/globalacoustic.fr\/#organization"},"alternateName":"globalacoustic.fr","potentialAction":[{"@type":"SearchAction","target":{"@type":"EntryPoint","urlTemplate":"https:\/\/globalacoustic.fr\/?s={search_term_string}"},"query-input":{"@type":"PropertyValueSpecification","valueRequired":true,"valueName":"search_term_string"}}],"inLanguage":"en-US"},{"@type":"Organization","@id":"https:\/\/globalacoustic.fr\/#organization","name":"Global Acoustic","url":"https:\/\/globalacoustic.fr\/","logo":{"@type":"ImageObject","inLanguage":"en-US","@id":"https:\/\/globalacoustic.fr\/#\/schema\/logo\/image\/","url":"https:\/\/globalacoustic.fr\/wp-content\/uploads\/2022\/04\/cropped-logo-global-acoustic.jpg","contentUrl":"https:\/\/globalacoustic.fr\/wp-content\/uploads\/2022\/04\/cropped-logo-global-acoustic.jpg","width":1080,"height":398,"caption":"Global Acoustic"},"image":{"@id":"https:\/\/globalacoustic.fr\/#\/schema\/logo\/image\/"},"sameAs":["https:\/\/m.facebook.com\/p\/Global-Acoustic-100070827399345\/"]}]}},"jetpack_sharing_enabled":true,"_links":{"self":[{"href":"https:\/\/globalacoustic.fr\/index.php\/wp-json\/wp\/v2\/product\/178","targetHints":{"allow":["GET"]}}],"collection":[{"href":"https:\/\/globalacoustic.fr\/index.php\/wp-json\/wp\/v2\/product"}],"about":[{"href":"https:\/\/globalacoustic.fr\/index.php\/wp-json\/wp\/v2\/types\/product"}],"replies":[{"embeddable":true,"href":"https:\/\/globalacoustic.fr\/index.php\/wp-json\/wp\/v2\/comments?post=178"}],"wp:featuredmedia":[{"embeddable":true,"href":"https:\/\/globalacoustic.fr\/index.php\/wp-json\/wp\/v2\/media\/123"}],"wp:attachment":[{"href":"https:\/\/globalacoustic.fr\/index.php\/wp-json\/wp\/v2\/media?parent=178"}],"wp:term":[{"taxonomy":"product_brand","embeddable":true,"href":"https:\/\/globalacoustic.fr\/index.php\/wp-json\/wp\/v2\/product_brand?post=178"},{"taxonomy":"product_cat","embeddable":true,"href":"https:\/\/globalacoustic.fr\/index.php\/wp-json\/wp\/v2\/product_cat?post=178"},{"taxonomy":"product_tag","embeddable":true,"href":"https:\/\/globalacoustic.fr\/index.php\/wp-json\/wp\/v2\/product_tag?post=178"}],"curies":[{"name":"wp","href":"https:\/\/api.w.org\/{rel}","templated":true}]}}