{"id":180,"date":"2022-04-28T08:26:19","date_gmt":"2022-04-28T06:26:19","guid":{"rendered":"https:\/\/globalacoustic.fr\/?post_type=product&#038;p=180"},"modified":"2022-04-28T09:03:30","modified_gmt":"2022-04-28T07:03:30","slug":"par-56-300w-noir-court","status":"publish","type":"product","link":"https:\/\/globalacoustic.fr\/index.php\/produit\/par-56-300w-noir-court\/","title":{"rendered":"PAR 56 300w Noir court"},"content":{"rendered":"<h4><a title=\"Projecteur par56 court noir SHOWTEC\" data-target=\"#no_url_info_12290\" data-toggle=\"collapse\" aria-expanded=\"true\">Projecteur par56 court noir<\/a><\/h4>\n<div id=\"no_url_info_12290\" class=\"collapse in\" aria-expanded=\"true\">\n<p>Projecteur de sc\u00e8ne PAR56 court de couleur noir &#8211; Id\u00e9al pour l&#8217;\u00e9clairage de petites sc\u00e8nes, th\u00e9\u00e2tres et stands d&#8217;expositions ou salle de r\u00e9ception.<br \/>\nCaract\u00e9ristiques techniques :<\/p>\n<p>&#8211; Finition peinture noire<br \/>\n&#8211; Porte filtre amovible m\u00e9tallique<br \/>\n&#8211; Douille c\u00e9ramique<br \/>\n&#8211; Avec borne et douille<br \/>\n&#8211; Lampe PAR56 240V, 300W.<br \/>\n&#8211; Dimensions (L x l x h) : 255 x 222 x 257 mm<br \/>\n&#8211; Poids : 1kg<\/p>\n<\/div>\n","protected":false},"excerpt":{"rendered":"<p>Le\u00a0<strong>PAR 56 300W <\/strong>court\u00a0est g\u00e9n\u00e9ralement\u00a0utilis\u00e9 pour de l\u2019<strong>\u00e9clairage sc\u00e9nique.<\/strong> Il est<strong> lou\u00e9<\/strong>\u00a0avec une \u00e9lingue et un\u00a0<strong>porte filtre.<\/strong> Ce\u00a0<strong>PAR 56<\/strong> peut \u00eatre contr\u00f4lable via un bloc de puissance disponible \u00e9galement \u00e0 la\u00a0<strong>location.<\/strong><\/p>\n<ul>\n<li>Projecteur PAR 56 COURT Finition NOIR<\/li>\n<li>Lampe PAR 56 &#8211; 300 W\/220V<\/li>\n<li>Porte Filtre pour g\u00e9latine de couleur<\/li>\n<li>Support pour crochet de fixation<\/li>\n<li>Elingue de s\u00e9curit\u00e9<\/li>\n<li>Projecteur c\u00e2bl\u00e9, fiche secteur STANDARD<\/li>\n<\/ul>\n","protected":false},"featured_media":130,"comment_status":"open","ping_status":"closed","template":"","meta":[],"product_brand":[],"product_cat":[29,33],"product_tag":[74],"class_list":{"0":"post-180","1":"product","2":"type-product","3":"status-publish","4":"has-post-thumbnail","6":"product_cat-eclairage","7":"product_cat-eclairage-traditionnel","8":"product_tag-eclairage-traditionnel","10":"first","11":"instock","12":"taxable","13":"shipping-taxable","14":"product-type-simple"},"yoast_head":"<!-- This site is optimized with the Yoast SEO plugin v27.4 - https:\/\/yoast.com\/product\/yoast-seo-wordpress\/ -->\n<title>location-sonorisation<\/title>\n<meta name=\"description\" content=\"Produit-location-sonorisation-global acoustic-Plus de 30 ans d\u2019exp\u00e9rience \u00e0 votre service.\" \/>\n<meta name=\"robots\" content=\"index, follow, max-snippet:-1, max-image-preview:large, max-video-preview:-1\" \/>\n<link rel=\"canonical\" href=\"https:\/\/globalacoustic.fr\/index.php\/produit\/par-56-300w-noir-court\/\" \/>\n<meta property=\"og:locale\" content=\"en_US\" \/>\n<meta property=\"og:type\" content=\"article\" \/>\n<meta property=\"og:title\" content=\"location-sonorisation\" \/>\n<meta property=\"og:description\" content=\"Produit-location-sonorisation-global acoustic-Plus de 30 ans d\u2019exp\u00e9rience \u00e0 votre service.\" \/>\n<meta property=\"og:url\" content=\"https:\/\/globalacoustic.fr\/index.php\/produit\/par-56-300w-noir-court\/\" \/>\n<meta property=\"og:site_name\" content=\"Global Acoustic\" \/>\n<meta property=\"article:publisher\" content=\"https:\/\/m.facebook.com\/p\/Global-Acoustic-100070827399345\/\" \/>\n<meta property=\"article:modified_time\" content=\"2022-04-28T07:03:30+00:00\" \/>\n<meta property=\"og:image\" content=\"https:\/\/globalacoustic.fr\/wp-content\/uploads\/2022\/04\/PAR-56-300w-Noir-court.webp\" \/>\n\t<meta property=\"og:image:width\" content=\"960\" \/>\n\t<meta property=\"og:image:height\" content=\"960\" \/>\n\t<meta property=\"og:image:type\" content=\"image\/webp\" \/>\n<meta name=\"twitter:card\" content=\"summary_large_image\" \/>\n<script type=\"application\/ld+json\" class=\"yoast-schema-graph\">{\"@context\":\"https:\\\/\\\/schema.org\",\"@graph\":[{\"@type\":\"WebPage\",\"@id\":\"https:\\\/\\\/globalacoustic.fr\\\/index.php\\\/produit\\\/par-56-300w-noir-court\\\/\",\"url\":\"https:\\\/\\\/globalacoustic.fr\\\/index.php\\\/produit\\\/par-56-300w-noir-court\\\/\",\"name\":\"location-sonorisation\",\"isPartOf\":{\"@id\":\"https:\\\/\\\/globalacoustic.fr\\\/#website\"},\"primaryImageOfPage\":{\"@id\":\"https:\\\/\\\/globalacoustic.fr\\\/index.php\\\/produit\\\/par-56-300w-noir-court\\\/#primaryimage\"},\"image\":{\"@id\":\"https:\\\/\\\/globalacoustic.fr\\\/index.php\\\/produit\\\/par-56-300w-noir-court\\\/#primaryimage\"},\"thumbnailUrl\":\"https:\\\/\\\/globalacoustic.fr\\\/wp-content\\\/uploads\\\/2022\\\/04\\\/PAR-56-300w-Noir-court.webp\",\"datePublished\":\"2022-04-28T06:26:19+00:00\",\"dateModified\":\"2022-04-28T07:03:30+00:00\",\"description\":\"Produit-location-sonorisation-global acoustic-Plus de 30 ans d\u2019exp\u00e9rience \u00e0 votre service.\",\"breadcrumb\":{\"@id\":\"https:\\\/\\\/globalacoustic.fr\\\/index.php\\\/produit\\\/par-56-300w-noir-court\\\/#breadcrumb\"},\"inLanguage\":\"en-US\",\"potentialAction\":[{\"@type\":\"ReadAction\",\"target\":[\"https:\\\/\\\/globalacoustic.fr\\\/index.php\\\/produit\\\/par-56-300w-noir-court\\\/\"]}]},{\"@type\":\"ImageObject\",\"inLanguage\":\"en-US\",\"@id\":\"https:\\\/\\\/globalacoustic.fr\\\/index.php\\\/produit\\\/par-56-300w-noir-court\\\/#primaryimage\",\"url\":\"https:\\\/\\\/globalacoustic.fr\\\/wp-content\\\/uploads\\\/2022\\\/04\\\/PAR-56-300w-Noir-court.webp\",\"contentUrl\":\"https:\\\/\\\/globalacoustic.fr\\\/wp-content\\\/uploads\\\/2022\\\/04\\\/PAR-56-300w-Noir-court.webp\",\"width\":960,\"height\":960,\"caption\":\"PAR 56 300w Noir court\"},{\"@type\":\"BreadcrumbList\",\"@id\":\"https:\\\/\\\/globalacoustic.fr\\\/index.php\\\/produit\\\/par-56-300w-noir-court\\\/#breadcrumb\",\"itemListElement\":[{\"@type\":\"ListItem\",\"position\":1,\"name\":\"Accueil\",\"item\":\"https:\\\/\\\/globalacoustic.fr\\\/\"},{\"@type\":\"ListItem\",\"position\":2,\"name\":\"Location\",\"item\":\"https:\\\/\\\/globalacoustic.fr\\\/index.php\\\/location\\\/\"},{\"@type\":\"ListItem\",\"position\":3,\"name\":\"PAR 56 300w Noir court\"}]},{\"@type\":\"WebSite\",\"@id\":\"https:\\\/\\\/globalacoustic.fr\\\/#website\",\"url\":\"https:\\\/\\\/globalacoustic.fr\\\/\",\"name\":\"Global Acoustic\",\"description\":\"Le bon choix, au bon moment. Global Acoustic\",\"publisher\":{\"@id\":\"https:\\\/\\\/globalacoustic.fr\\\/#organization\"},\"alternateName\":\"globalacoustic.fr\",\"potentialAction\":[{\"@type\":\"SearchAction\",\"target\":{\"@type\":\"EntryPoint\",\"urlTemplate\":\"https:\\\/\\\/globalacoustic.fr\\\/?s={search_term_string}\"},\"query-input\":{\"@type\":\"PropertyValueSpecification\",\"valueRequired\":true,\"valueName\":\"search_term_string\"}}],\"inLanguage\":\"en-US\"},{\"@type\":\"Organization\",\"@id\":\"https:\\\/\\\/globalacoustic.fr\\\/#organization\",\"name\":\"Global Acoustic\",\"url\":\"https:\\\/\\\/globalacoustic.fr\\\/\",\"logo\":{\"@type\":\"ImageObject\",\"inLanguage\":\"en-US\",\"@id\":\"https:\\\/\\\/globalacoustic.fr\\\/#\\\/schema\\\/logo\\\/image\\\/\",\"url\":\"https:\\\/\\\/globalacoustic.fr\\\/wp-content\\\/uploads\\\/2022\\\/04\\\/cropped-logo-global-acoustic.jpg\",\"contentUrl\":\"https:\\\/\\\/globalacoustic.fr\\\/wp-content\\\/uploads\\\/2022\\\/04\\\/cropped-logo-global-acoustic.jpg\",\"width\":1080,\"height\":398,\"caption\":\"Global Acoustic\"},\"image\":{\"@id\":\"https:\\\/\\\/globalacoustic.fr\\\/#\\\/schema\\\/logo\\\/image\\\/\"},\"sameAs\":[\"https:\\\/\\\/m.facebook.com\\\/p\\\/Global-Acoustic-100070827399345\\\/\"]}]}<\/script>\n<!-- \/ Yoast SEO plugin. -->","yoast_head_json":{"title":"location-sonorisation","description":"Produit-location-sonorisation-global acoustic-Plus de 30 ans d\u2019exp\u00e9rience \u00e0 votre service.","robots":{"index":"index","follow":"follow","max-snippet":"max-snippet:-1","max-image-preview":"max-image-preview:large","max-video-preview":"max-video-preview:-1"},"canonical":"https:\/\/globalacoustic.fr\/index.php\/produit\/par-56-300w-noir-court\/","og_locale":"en_US","og_type":"article","og_title":"location-sonorisation","og_description":"Produit-location-sonorisation-global acoustic-Plus de 30 ans d\u2019exp\u00e9rience \u00e0 votre service.","og_url":"https:\/\/globalacoustic.fr\/index.php\/produit\/par-56-300w-noir-court\/","og_site_name":"Global Acoustic","article_publisher":"https:\/\/m.facebook.com\/p\/Global-Acoustic-100070827399345\/","article_modified_time":"2022-04-28T07:03:30+00:00","og_image":[{"width":960,"height":960,"url":"https:\/\/globalacoustic.fr\/wp-content\/uploads\/2022\/04\/PAR-56-300w-Noir-court.webp","type":"image\/webp"}],"twitter_card":"summary_large_image","schema":{"@context":"https:\/\/schema.org","@graph":[{"@type":"WebPage","@id":"https:\/\/globalacoustic.fr\/index.php\/produit\/par-56-300w-noir-court\/","url":"https:\/\/globalacoustic.fr\/index.php\/produit\/par-56-300w-noir-court\/","name":"location-sonorisation","isPartOf":{"@id":"https:\/\/globalacoustic.fr\/#website"},"primaryImageOfPage":{"@id":"https:\/\/globalacoustic.fr\/index.php\/produit\/par-56-300w-noir-court\/#primaryimage"},"image":{"@id":"https:\/\/globalacoustic.fr\/index.php\/produit\/par-56-300w-noir-court\/#primaryimage"},"thumbnailUrl":"https:\/\/globalacoustic.fr\/wp-content\/uploads\/2022\/04\/PAR-56-300w-Noir-court.webp","datePublished":"2022-04-28T06:26:19+00:00","dateModified":"2022-04-28T07:03:30+00:00","description":"Produit-location-sonorisation-global acoustic-Plus de 30 ans d\u2019exp\u00e9rience \u00e0 votre service.","breadcrumb":{"@id":"https:\/\/globalacoustic.fr\/index.php\/produit\/par-56-300w-noir-court\/#breadcrumb"},"inLanguage":"en-US","potentialAction":[{"@type":"ReadAction","target":["https:\/\/globalacoustic.fr\/index.php\/produit\/par-56-300w-noir-court\/"]}]},{"@type":"ImageObject","inLanguage":"en-US","@id":"https:\/\/globalacoustic.fr\/index.php\/produit\/par-56-300w-noir-court\/#primaryimage","url":"https:\/\/globalacoustic.fr\/wp-content\/uploads\/2022\/04\/PAR-56-300w-Noir-court.webp","contentUrl":"https:\/\/globalacoustic.fr\/wp-content\/uploads\/2022\/04\/PAR-56-300w-Noir-court.webp","width":960,"height":960,"caption":"PAR 56 300w Noir court"},{"@type":"BreadcrumbList","@id":"https:\/\/globalacoustic.fr\/index.php\/produit\/par-56-300w-noir-court\/#breadcrumb","itemListElement":[{"@type":"ListItem","position":1,"name":"Accueil","item":"https:\/\/globalacoustic.fr\/"},{"@type":"ListItem","position":2,"name":"Location","item":"https:\/\/globalacoustic.fr\/index.php\/location\/"},{"@type":"ListItem","position":3,"name":"PAR 56 300w Noir court"}]},{"@type":"WebSite","@id":"https:\/\/globalacoustic.fr\/#website","url":"https:\/\/globalacoustic.fr\/","name":"Global Acoustic","description":"Le bon choix, au bon moment. Global Acoustic","publisher":{"@id":"https:\/\/globalacoustic.fr\/#organization"},"alternateName":"globalacoustic.fr","potentialAction":[{"@type":"SearchAction","target":{"@type":"EntryPoint","urlTemplate":"https:\/\/globalacoustic.fr\/?s={search_term_string}"},"query-input":{"@type":"PropertyValueSpecification","valueRequired":true,"valueName":"search_term_string"}}],"inLanguage":"en-US"},{"@type":"Organization","@id":"https:\/\/globalacoustic.fr\/#organization","name":"Global Acoustic","url":"https:\/\/globalacoustic.fr\/","logo":{"@type":"ImageObject","inLanguage":"en-US","@id":"https:\/\/globalacoustic.fr\/#\/schema\/logo\/image\/","url":"https:\/\/globalacoustic.fr\/wp-content\/uploads\/2022\/04\/cropped-logo-global-acoustic.jpg","contentUrl":"https:\/\/globalacoustic.fr\/wp-content\/uploads\/2022\/04\/cropped-logo-global-acoustic.jpg","width":1080,"height":398,"caption":"Global Acoustic"},"image":{"@id":"https:\/\/globalacoustic.fr\/#\/schema\/logo\/image\/"},"sameAs":["https:\/\/m.facebook.com\/p\/Global-Acoustic-100070827399345\/"]}]}},"jetpack_sharing_enabled":true,"_links":{"self":[{"href":"https:\/\/globalacoustic.fr\/index.php\/wp-json\/wp\/v2\/product\/180","targetHints":{"allow":["GET"]}}],"collection":[{"href":"https:\/\/globalacoustic.fr\/index.php\/wp-json\/wp\/v2\/product"}],"about":[{"href":"https:\/\/globalacoustic.fr\/index.php\/wp-json\/wp\/v2\/types\/product"}],"replies":[{"embeddable":true,"href":"https:\/\/globalacoustic.fr\/index.php\/wp-json\/wp\/v2\/comments?post=180"}],"wp:featuredmedia":[{"embeddable":true,"href":"https:\/\/globalacoustic.fr\/index.php\/wp-json\/wp\/v2\/media\/130"}],"wp:attachment":[{"href":"https:\/\/globalacoustic.fr\/index.php\/wp-json\/wp\/v2\/media?parent=180"}],"wp:term":[{"taxonomy":"product_brand","embeddable":true,"href":"https:\/\/globalacoustic.fr\/index.php\/wp-json\/wp\/v2\/product_brand?post=180"},{"taxonomy":"product_cat","embeddable":true,"href":"https:\/\/globalacoustic.fr\/index.php\/wp-json\/wp\/v2\/product_cat?post=180"},{"taxonomy":"product_tag","embeddable":true,"href":"https:\/\/globalacoustic.fr\/index.php\/wp-json\/wp\/v2\/product_tag?post=180"}],"curies":[{"name":"wp","href":"https:\/\/api.w.org\/{rel}","templated":true}]}}