{"id":188,"date":"2022-04-28T09:19:55","date_gmt":"2022-04-28T07:19:55","guid":{"rendered":"https:\/\/globalacoustic.fr\/?post_type=product&#038;p=188"},"modified":"2022-04-28T09:19:55","modified_gmt":"2022-04-28T07:19:55","slug":"compresseur-pro-dbx-4-canaux","status":"publish","type":"product","link":"https:\/\/globalacoustic.fr\/index.php\/produit\/compresseur-pro-dbx-4-canaux\/","title":{"rendered":"COMPRESSEUR PRO DBX 4 CANAUX"},"content":{"rendered":"<div class=\"text-original js-prod-text-original\">\n<h2 class=\"fx-headline fx-headline--3 fx-space-bottom--m\">Pr\u00e9-ampli et processeur de dynamique 1 canal<\/h2>\n<ul class=\"fx-list product-text__list\">\n<li class=\"fx-list__item product-text__list-item fx-list__item--circle\"><span class=\"fx-text fx-text--plus\">Entr\u00e9e micro XLR, ligne jack TRS<\/span><\/li>\n<li class=\"fx-list__item product-text__list-item fx-list__item--circle\"><span class=\"fx-text fx-text--plus\">Alimentation Phantom +48V<\/span><\/li>\n<li class=\"fx-list__item product-text__list-item fx-list__item--circle\"><span class=\"fx-text fx-text--plus\">De-esser<\/span><\/li>\n<li class=\"fx-list__item product-text__list-item fx-list__item--circle\"><span class=\"fx-text fx-text--plus\">Compresseur<\/span><\/li>\n<li class=\"fx-list__item product-text__list-item fx-list__item--circle\"><span class=\"fx-text fx-text--plus\">Enhancer<\/span><\/li>\n<li class=\"fx-list__item product-text__list-item fx-list__item--circle\"><span class=\"fx-text fx-text--plus\">Gate<\/span><\/li>\n<li class=\"fx-list__item product-text__list-item fx-list__item--circle\"><span class=\"fx-text fx-text--plus\">Format rack 19&#8243; &#8211; 1U<\/span><\/li>\n<\/ul>\n<\/div>\n<div class=\"badges\"><\/div>\n<div class=\"keyfeatures fx-collapsible fx-collapsible--open\" data-init=\"true\">\n<div class=\"keyfeature keyfeature--grey-background\">\n<div class=\"keyfeature__wrapper\"><span class=\"keyfeature__label\">R\u00e9f\u00e9renc\u00e9 depuis<\/span> <span class=\"fx-text fx-text--bold fx-text--no-margin\">Janvier 2011<\/span><\/div>\n<\/div>\n<div class=\"keyfeature keyfeature--grey-background\">\n<div class=\"keyfeature__wrapper\"><span class=\"keyfeature__label\">Num\u00e9ro d&#8217;article<\/span> <span class=\"fx-text fx-text--bold fx-text--no-margin\">259111<\/span><\/div>\n<\/div>\n<div class=\"keyfeature\">\n<div class=\"keyfeature__wrapper\"><span class=\"keyfeature__label\">Conditionnement (UVC)<\/span> <span class=\"fx-text fx-text--bold fx-text--no-margin\">1\u00a0Pi\u00e8ce(s)<\/span><\/div>\n<\/div>\n<div class=\"keyfeature\">\n<div class=\"keyfeature__wrapper\"><span class=\"keyfeature__label\">Compresseur<\/span> <span class=\"fx-text fx-text--bold fx-text--no-margin\">Oui<\/span><\/div>\n<\/div>\n<div class=\"keyfeature\">\n<div class=\"keyfeature__wrapper\"><span class=\"keyfeature__label\">Gate<\/span> <span class=\"fx-text fx-text--bold fx-text--no-margin\">Non<\/span><\/div>\n<\/div>\n<div class=\"keyfeature\">\n<div class=\"keyfeature__wrapper\"><span class=\"keyfeature__label\">Limiteur Peak<\/span> <span class=\"fx-text fx-text--bold fx-text--no-margin\">Non<\/span><\/div>\n<\/div>\n<div class=\"keyfeature\">\n<div class=\"keyfeature__wrapper\"><span class=\"keyfeature__label\">2 canaux<\/span> <span class=\"fx-text fx-text--bold fx-text--no-margin\">Non<\/span><\/div>\n<\/div>\n<div class=\"keyfeature\">\n<div class=\"keyfeature__wrapper\"><span class=\"keyfeature__label\">Attack\/Release param\u00e9trables<\/span> <span class=\"fx-text fx-text--bold fx-text--no-margin\">Oui<\/span><\/div>\n<\/div>\n<div class=\"keyfeature keyfeature--hidden fx-collapsible__content\">\n<div class=\"keyfeature__wrapper\"><span class=\"keyfeature__label\">Canaux<\/span> <span class=\"fx-text fx-text--bold fx-text--no-margin\">1<\/span><\/div>\n<\/div>\n<div class=\"keyfeature keyfeature--hidden fx-collapsible__content\">\n<div class=\"keyfeature__wrapper\"><span class=\"keyfeature__label\">Nombre d&#8217;entr\u00e9es microphone<\/span> <span class=\"fx-text fx-text--bold fx-text--no-margin\">1<\/span><\/div>\n<\/div>\n<div class=\"keyfeature keyfeature--hidden fx-collapsible__content\">\n<div class=\"keyfeature__wrapper\"><span class=\"keyfeature__label\">Compresseur\/Limiteur<\/span> <span class=\"fx-text fx-text--bold fx-text--no-margin\">1<\/span><\/div>\n<\/div>\n<div class=\"keyfeature keyfeature--hidden fx-collapsible__content\">\n<div class=\"keyfeature__wrapper\"><span class=\"keyfeature__label\">De-Esser<\/span> <span class=\"fx-text fx-text--bold fx-text--no-margin\">1<\/span><\/div>\n<\/div>\n<div class=\"keyfeature keyfeature--hidden fx-collapsible__content\">\n<div class=\"keyfeature__wrapper\"><span class=\"keyfeature__label\">Alimentation fant\u00f4me<\/span> <span class=\"fx-text fx-text--bold fx-text--no-margin\">1<\/span><\/div>\n<\/div>\n<div class=\"keyfeature keyfeature--hidden fx-collapsible__content\">\n<div class=\"keyfeature__wrapper\"><span class=\"keyfeature__label\">Boucle d&#8217;effets externe<\/span> <span class=\"fx-text fx-text--bold fx-text--no-margin\">1<\/span><\/div>\n<\/div>\n<div class=\"keyfeature keyfeature--hidden fx-collapsible__content\">\n<div class=\"keyfeature__wrapper\"><span class=\"keyfeature__label\">Sorties audio<\/span> <span class=\"fx-text fx-text--bold fx-text--no-margin\">Jack<\/span><\/div>\n<\/div>\n<div class=\"keyfeature keyfeature--hidden fx-collapsible__content\">\n<div class=\"keyfeature__wrapper\"><span class=\"keyfeature__label\">Sortie num\u00e9rique<\/span> <span class=\"fx-text fx-text--bold fx-text--no-margin\">Aucune<\/span><\/div>\n<\/div>\n<div class=\"keyfeature keyfeature--hidden fx-collapsible__content\">\n<div class=\"keyfeature__wrapper\"><span class=\"keyfeature__label\">Vu-m\u00e8tre<\/span> <span class=\"fx-text fx-text--bold fx-text--no-margin\">1<\/span><\/div>\n<\/div>\n<div class=\"keyfeature keyfeature--hidden fx-collapsible__content\">\n<div class=\"keyfeature__wrapper\"><span class=\"keyfeature__label\">Format<\/span> <span class=\"fx-text fx-text--bold fx-text--no-margin\">19&#8243;, 1U<\/span><\/div>\n<\/div>\n<\/div>\n","protected":false},"excerpt":{"rendered":"<p>Compresseur limiteur mono,<br \/>\nLa derni\u00e8re g\u00e9n\u00e9ration du l\u00e9gendaire mod\u00e8le 160, qui propose une compression progressive et continue (OverEasy\u00ae) ou abrupte (Hard-Knee)<\/p>\n","protected":false},"featured_media":189,"comment_status":"open","ping_status":"closed","template":"","meta":[],"product_brand":[],"product_cat":[50,56],"product_tag":[75],"class_list":{"0":"post-188","1":"product","2":"type-product","3":"status-publish","4":"has-post-thumbnail","6":"product_cat-sonorisation","7":"product_cat-traitement-de-son","8":"product_tag-traitement-de-son","10":"first","11":"instock","12":"taxable","13":"shipping-taxable","14":"product-type-simple"},"yoast_head":"<!-- This site is optimized with the Yoast SEO plugin v27.4 - https:\/\/yoast.com\/product\/yoast-seo-wordpress\/ -->\n<title>location-sonorisation<\/title>\n<meta name=\"description\" content=\"Produit-location-sonorisation-global acoustic-Plus de 30 ans d\u2019exp\u00e9rience \u00e0 votre service.\" \/>\n<meta name=\"robots\" content=\"index, follow, max-snippet:-1, max-image-preview:large, max-video-preview:-1\" \/>\n<link rel=\"canonical\" href=\"https:\/\/globalacoustic.fr\/index.php\/produit\/compresseur-pro-dbx-4-canaux\/\" \/>\n<meta property=\"og:locale\" content=\"en_US\" \/>\n<meta property=\"og:type\" content=\"article\" \/>\n<meta property=\"og:title\" content=\"location-sonorisation\" \/>\n<meta property=\"og:description\" content=\"Produit-location-sonorisation-global acoustic-Plus de 30 ans d\u2019exp\u00e9rience \u00e0 votre service.\" \/>\n<meta property=\"og:url\" content=\"https:\/\/globalacoustic.fr\/index.php\/produit\/compresseur-pro-dbx-4-canaux\/\" \/>\n<meta property=\"og:site_name\" content=\"Global Acoustic\" \/>\n<meta property=\"article:publisher\" content=\"https:\/\/m.facebook.com\/p\/Global-Acoustic-100070827399345\/\" \/>\n<meta property=\"og:image\" content=\"https:\/\/globalacoustic.fr\/wp-content\/uploads\/2022\/04\/Compresseur-LOC-DBX1046.jpg\" \/>\n\t<meta property=\"og:image:width\" content=\"800\" \/>\n\t<meta property=\"og:image:height\" content=\"800\" \/>\n\t<meta property=\"og:image:type\" content=\"image\/jpeg\" \/>\n<meta name=\"twitter:card\" content=\"summary_large_image\" \/>\n<script type=\"application\/ld+json\" class=\"yoast-schema-graph\">{\"@context\":\"https:\\\/\\\/schema.org\",\"@graph\":[{\"@type\":\"WebPage\",\"@id\":\"https:\\\/\\\/globalacoustic.fr\\\/index.php\\\/produit\\\/compresseur-pro-dbx-4-canaux\\\/\",\"url\":\"https:\\\/\\\/globalacoustic.fr\\\/index.php\\\/produit\\\/compresseur-pro-dbx-4-canaux\\\/\",\"name\":\"location-sonorisation\",\"isPartOf\":{\"@id\":\"https:\\\/\\\/globalacoustic.fr\\\/#website\"},\"primaryImageOfPage\":{\"@id\":\"https:\\\/\\\/globalacoustic.fr\\\/index.php\\\/produit\\\/compresseur-pro-dbx-4-canaux\\\/#primaryimage\"},\"image\":{\"@id\":\"https:\\\/\\\/globalacoustic.fr\\\/index.php\\\/produit\\\/compresseur-pro-dbx-4-canaux\\\/#primaryimage\"},\"thumbnailUrl\":\"https:\\\/\\\/globalacoustic.fr\\\/wp-content\\\/uploads\\\/2022\\\/04\\\/Compresseur-LOC-DBX1046.jpg\",\"datePublished\":\"2022-04-28T07:19:55+00:00\",\"description\":\"Produit-location-sonorisation-global acoustic-Plus de 30 ans d\u2019exp\u00e9rience \u00e0 votre service.\",\"breadcrumb\":{\"@id\":\"https:\\\/\\\/globalacoustic.fr\\\/index.php\\\/produit\\\/compresseur-pro-dbx-4-canaux\\\/#breadcrumb\"},\"inLanguage\":\"en-US\",\"potentialAction\":[{\"@type\":\"ReadAction\",\"target\":[\"https:\\\/\\\/globalacoustic.fr\\\/index.php\\\/produit\\\/compresseur-pro-dbx-4-canaux\\\/\"]}]},{\"@type\":\"ImageObject\",\"inLanguage\":\"en-US\",\"@id\":\"https:\\\/\\\/globalacoustic.fr\\\/index.php\\\/produit\\\/compresseur-pro-dbx-4-canaux\\\/#primaryimage\",\"url\":\"https:\\\/\\\/globalacoustic.fr\\\/wp-content\\\/uploads\\\/2022\\\/04\\\/Compresseur-LOC-DBX1046.jpg\",\"contentUrl\":\"https:\\\/\\\/globalacoustic.fr\\\/wp-content\\\/uploads\\\/2022\\\/04\\\/Compresseur-LOC-DBX1046.jpg\",\"width\":800,\"height\":800},{\"@type\":\"BreadcrumbList\",\"@id\":\"https:\\\/\\\/globalacoustic.fr\\\/index.php\\\/produit\\\/compresseur-pro-dbx-4-canaux\\\/#breadcrumb\",\"itemListElement\":[{\"@type\":\"ListItem\",\"position\":1,\"name\":\"Accueil\",\"item\":\"https:\\\/\\\/globalacoustic.fr\\\/\"},{\"@type\":\"ListItem\",\"position\":2,\"name\":\"Location\",\"item\":\"https:\\\/\\\/globalacoustic.fr\\\/index.php\\\/location\\\/\"},{\"@type\":\"ListItem\",\"position\":3,\"name\":\"COMPRESSEUR PRO DBX 4 CANAUX\"}]},{\"@type\":\"WebSite\",\"@id\":\"https:\\\/\\\/globalacoustic.fr\\\/#website\",\"url\":\"https:\\\/\\\/globalacoustic.fr\\\/\",\"name\":\"Global Acoustic\",\"description\":\"Le bon choix, au bon moment. Global Acoustic\",\"publisher\":{\"@id\":\"https:\\\/\\\/globalacoustic.fr\\\/#organization\"},\"alternateName\":\"globalacoustic.fr\",\"potentialAction\":[{\"@type\":\"SearchAction\",\"target\":{\"@type\":\"EntryPoint\",\"urlTemplate\":\"https:\\\/\\\/globalacoustic.fr\\\/?s={search_term_string}\"},\"query-input\":{\"@type\":\"PropertyValueSpecification\",\"valueRequired\":true,\"valueName\":\"search_term_string\"}}],\"inLanguage\":\"en-US\"},{\"@type\":\"Organization\",\"@id\":\"https:\\\/\\\/globalacoustic.fr\\\/#organization\",\"name\":\"Global Acoustic\",\"url\":\"https:\\\/\\\/globalacoustic.fr\\\/\",\"logo\":{\"@type\":\"ImageObject\",\"inLanguage\":\"en-US\",\"@id\":\"https:\\\/\\\/globalacoustic.fr\\\/#\\\/schema\\\/logo\\\/image\\\/\",\"url\":\"https:\\\/\\\/globalacoustic.fr\\\/wp-content\\\/uploads\\\/2022\\\/04\\\/cropped-logo-global-acoustic.jpg\",\"contentUrl\":\"https:\\\/\\\/globalacoustic.fr\\\/wp-content\\\/uploads\\\/2022\\\/04\\\/cropped-logo-global-acoustic.jpg\",\"width\":1080,\"height\":398,\"caption\":\"Global Acoustic\"},\"image\":{\"@id\":\"https:\\\/\\\/globalacoustic.fr\\\/#\\\/schema\\\/logo\\\/image\\\/\"},\"sameAs\":[\"https:\\\/\\\/m.facebook.com\\\/p\\\/Global-Acoustic-100070827399345\\\/\"]}]}<\/script>\n<!-- \/ Yoast SEO plugin. -->","yoast_head_json":{"title":"location-sonorisation","description":"Produit-location-sonorisation-global acoustic-Plus de 30 ans d\u2019exp\u00e9rience \u00e0 votre service.","robots":{"index":"index","follow":"follow","max-snippet":"max-snippet:-1","max-image-preview":"max-image-preview:large","max-video-preview":"max-video-preview:-1"},"canonical":"https:\/\/globalacoustic.fr\/index.php\/produit\/compresseur-pro-dbx-4-canaux\/","og_locale":"en_US","og_type":"article","og_title":"location-sonorisation","og_description":"Produit-location-sonorisation-global acoustic-Plus de 30 ans d\u2019exp\u00e9rience \u00e0 votre service.","og_url":"https:\/\/globalacoustic.fr\/index.php\/produit\/compresseur-pro-dbx-4-canaux\/","og_site_name":"Global Acoustic","article_publisher":"https:\/\/m.facebook.com\/p\/Global-Acoustic-100070827399345\/","og_image":[{"width":800,"height":800,"url":"https:\/\/globalacoustic.fr\/wp-content\/uploads\/2022\/04\/Compresseur-LOC-DBX1046.jpg","type":"image\/jpeg"}],"twitter_card":"summary_large_image","schema":{"@context":"https:\/\/schema.org","@graph":[{"@type":"WebPage","@id":"https:\/\/globalacoustic.fr\/index.php\/produit\/compresseur-pro-dbx-4-canaux\/","url":"https:\/\/globalacoustic.fr\/index.php\/produit\/compresseur-pro-dbx-4-canaux\/","name":"location-sonorisation","isPartOf":{"@id":"https:\/\/globalacoustic.fr\/#website"},"primaryImageOfPage":{"@id":"https:\/\/globalacoustic.fr\/index.php\/produit\/compresseur-pro-dbx-4-canaux\/#primaryimage"},"image":{"@id":"https:\/\/globalacoustic.fr\/index.php\/produit\/compresseur-pro-dbx-4-canaux\/#primaryimage"},"thumbnailUrl":"https:\/\/globalacoustic.fr\/wp-content\/uploads\/2022\/04\/Compresseur-LOC-DBX1046.jpg","datePublished":"2022-04-28T07:19:55+00:00","description":"Produit-location-sonorisation-global acoustic-Plus de 30 ans d\u2019exp\u00e9rience \u00e0 votre service.","breadcrumb":{"@id":"https:\/\/globalacoustic.fr\/index.php\/produit\/compresseur-pro-dbx-4-canaux\/#breadcrumb"},"inLanguage":"en-US","potentialAction":[{"@type":"ReadAction","target":["https:\/\/globalacoustic.fr\/index.php\/produit\/compresseur-pro-dbx-4-canaux\/"]}]},{"@type":"ImageObject","inLanguage":"en-US","@id":"https:\/\/globalacoustic.fr\/index.php\/produit\/compresseur-pro-dbx-4-canaux\/#primaryimage","url":"https:\/\/globalacoustic.fr\/wp-content\/uploads\/2022\/04\/Compresseur-LOC-DBX1046.jpg","contentUrl":"https:\/\/globalacoustic.fr\/wp-content\/uploads\/2022\/04\/Compresseur-LOC-DBX1046.jpg","width":800,"height":800},{"@type":"BreadcrumbList","@id":"https:\/\/globalacoustic.fr\/index.php\/produit\/compresseur-pro-dbx-4-canaux\/#breadcrumb","itemListElement":[{"@type":"ListItem","position":1,"name":"Accueil","item":"https:\/\/globalacoustic.fr\/"},{"@type":"ListItem","position":2,"name":"Location","item":"https:\/\/globalacoustic.fr\/index.php\/location\/"},{"@type":"ListItem","position":3,"name":"COMPRESSEUR PRO DBX 4 CANAUX"}]},{"@type":"WebSite","@id":"https:\/\/globalacoustic.fr\/#website","url":"https:\/\/globalacoustic.fr\/","name":"Global Acoustic","description":"Le bon choix, au bon moment. Global Acoustic","publisher":{"@id":"https:\/\/globalacoustic.fr\/#organization"},"alternateName":"globalacoustic.fr","potentialAction":[{"@type":"SearchAction","target":{"@type":"EntryPoint","urlTemplate":"https:\/\/globalacoustic.fr\/?s={search_term_string}"},"query-input":{"@type":"PropertyValueSpecification","valueRequired":true,"valueName":"search_term_string"}}],"inLanguage":"en-US"},{"@type":"Organization","@id":"https:\/\/globalacoustic.fr\/#organization","name":"Global Acoustic","url":"https:\/\/globalacoustic.fr\/","logo":{"@type":"ImageObject","inLanguage":"en-US","@id":"https:\/\/globalacoustic.fr\/#\/schema\/logo\/image\/","url":"https:\/\/globalacoustic.fr\/wp-content\/uploads\/2022\/04\/cropped-logo-global-acoustic.jpg","contentUrl":"https:\/\/globalacoustic.fr\/wp-content\/uploads\/2022\/04\/cropped-logo-global-acoustic.jpg","width":1080,"height":398,"caption":"Global Acoustic"},"image":{"@id":"https:\/\/globalacoustic.fr\/#\/schema\/logo\/image\/"},"sameAs":["https:\/\/m.facebook.com\/p\/Global-Acoustic-100070827399345\/"]}]}},"jetpack_sharing_enabled":true,"_links":{"self":[{"href":"https:\/\/globalacoustic.fr\/index.php\/wp-json\/wp\/v2\/product\/188","targetHints":{"allow":["GET"]}}],"collection":[{"href":"https:\/\/globalacoustic.fr\/index.php\/wp-json\/wp\/v2\/product"}],"about":[{"href":"https:\/\/globalacoustic.fr\/index.php\/wp-json\/wp\/v2\/types\/product"}],"replies":[{"embeddable":true,"href":"https:\/\/globalacoustic.fr\/index.php\/wp-json\/wp\/v2\/comments?post=188"}],"wp:featuredmedia":[{"embeddable":true,"href":"https:\/\/globalacoustic.fr\/index.php\/wp-json\/wp\/v2\/media\/189"}],"wp:attachment":[{"href":"https:\/\/globalacoustic.fr\/index.php\/wp-json\/wp\/v2\/media?parent=188"}],"wp:term":[{"taxonomy":"product_brand","embeddable":true,"href":"https:\/\/globalacoustic.fr\/index.php\/wp-json\/wp\/v2\/product_brand?post=188"},{"taxonomy":"product_cat","embeddable":true,"href":"https:\/\/globalacoustic.fr\/index.php\/wp-json\/wp\/v2\/product_cat?post=188"},{"taxonomy":"product_tag","embeddable":true,"href":"https:\/\/globalacoustic.fr\/index.php\/wp-json\/wp\/v2\/product_tag?post=188"}],"curies":[{"name":"wp","href":"https:\/\/api.w.org\/{rel}","templated":true}]}}