{"id":197,"date":"2022-04-28T09:37:20","date_gmt":"2022-04-28T07:37:20","guid":{"rendered":"https:\/\/globalacoustic.fr\/?post_type=product&#038;p=197"},"modified":"2022-04-28T09:38:15","modified_gmt":"2022-04-28T07:38:15","slug":"powersoft-digam-7000-2x1050-w","status":"publish","type":"product","link":"https:\/\/globalacoustic.fr\/index.php\/produit\/powersoft-digam-7000-2x1050-w\/","title":{"rendered":"POWERSOFT \u2013 Digam 7000 2X1050 W"},"content":{"rendered":"<p><strong>Description :<\/strong><\/p>\n<p>&#8211; Technologie avanc\u00e9e d&#8217;alimentation \u00e0 d\u00e9coupage pour des performances \u00e9lev\u00e9es et une taille compacte<\/p>\n<p>&#8211; Correction du facteur de puissance PFC pour une consommation secteur extr\u00eamement faible et un r\u00e9seau \u00e9tendu au plage de fonctionnement<\/p>\n<p>&#8211; Ventilateur \u00e0 vitesse variable pour un faible bruit<\/p>\n<p>&#8211; La limitation active d&#8217;appel \u00e9limine le courant d&#8217;appel CA, \u00e9liminant le besoin de co\u00fbteux\u00a0 s\u00e9quenceurs de puissance<\/p>\n<p>&#8211; Connecteurs d&#8217;entr\u00e9e XLR femelle\/m\u00e2le de style Neutrik avec capacit\u00e9 de liaison<\/p>\n<p>&#8211; Limiteurs de clip int\u00e9gr\u00e9s<\/p>\n<p>&#8211; Commandes de gain crant\u00e9es pour des r\u00e9glages de gain rapides et pr\u00e9cis<\/p>\n<p>&#8211; Indicateurs complets du panneau avant, y compris signal, clip, haute fr\u00e9quence, protection et pr\u00e9vision thermique<\/p>\n<p>&#8211; Conception de circuits enti\u00e8rement prot\u00e9g\u00e9s, y compris DC, infrasonores, haute fr\u00e9quence, surcharge thermique et court-circuit<\/p>\n<p>&#8211; \u00c9tage de sortie \u00e0 fr\u00e9quence fixe pour une pr\u00e9cision sonore de haute qualit\u00e9<\/p>\n<p>&#8211; Taille compacte &#8211; tous les mod\u00e8les seulement 1 RU pour un co\u00fbt et un espace de rack r\u00e9duits<\/p>\n<p>&#8211; Poids l\u00e9ger &#8211; tous les mod\u00e8les ne p\u00e8sent que 9,5 kg (21 livres) pour faciliter le rangement et l&#8217;exp\u00e9dition<\/p>\n<p>&nbsp;<\/p>\n<p><strong>\u00a0\u00a0\u00a0 DIGAM 7000\u00a0\u00a0\u00a0\u00a0\u00a0\u00a0\u00a0\u00a0\u00a0\u00a0\u00a0\u00a0\u00a0\u00a0\u00a0\u00a0\u00a0\u00a0\u00a0\u00a0\u00a0\u00a0 \u00a0 \u00a0 \u00a0 \u00a0 \u00a0 \u00a0 \u00a0 \u00a0 \u00a0 \u00a0 \u00a0 \u00a0 \u00a0 \u00a0 \u00a0\u00a0 \u00a0 \u00a0 \u00a0 \u00a0 \u00a0 \u00a0 \u00a0 \u00a0 \u00a0 \u00a0 \u00a0 \u00a0 \u00a0 \u00a0 \u00a0 \u00a0\u00a0 \u00a0 &amp;\u00a0\u00a0\u00a0\u00a0\u00a0\u00a0\u00a0\u00a0\u00a0\u00a0\u00a0\u00a0\u00a0\u00a0\u00a0\u00a0\u00a0\u00a0\u00a0\u00a0\u00a0\u00a0\u00a0\u00a0\u00a0\u00a0\u00a0 DIGAM\u00a0 5000 <\/strong><\/p>\n<div>&#8230;&#8230;&#8230;&#8230;&#8230;&#8230;&#8230;&#8230;&#8230;&#8230;&#8230;&#8230;&#8230;&#8230;&#8230;&#8230;&#8230;&#8230;&#8230;&#8230;&#8230;&#8230;&#8230;&#8230;&#8230;&#8230;&#8230;&#8230;&#8230;&#8230;&#8230;&#8230;&#8230;&#8230;&#8230;&#8230;&#8230;&#8230;&#8230;&#8230;&#8230;&#8230;&#8230;&#8230;&#8230;&#8230;&#8230;&#8230;&#8230;&#8230;&#8230;&#8230;&#8230;&#8230;&#8230;&#8230;&#8230;&#8230;&#8230;&#8230;&#8230;&#8230;<\/div>\n<div>\n<div><strong>2\u03a9 quadruple <\/strong>\u00a0\u00a0 \u00a0 \u00a0 \u00a0 \u00a0 \u00a0 \u00a0 \u00a0 \u00a0 \u00a0 \u00a0 \u00a0 \u00a0 \u00a0 \u00a0 \u00a0 3500 W\u00a0\u00a0\u00a0\u00a0\u00a0\u00a0\u00a0\u00a0\u00a0\u00a0\u00a0\u00a0\u00a0\u00a0\u00a0\u00a0\u00a0\u00a0\u00a0\u00a0\u00a0\u00a0\u00a0\u00a0\u00a0\u00a0\u00a0\u00a0\u00a0\u00a0\u00a0\u00a0\u00a0\u00a0\u00a0\u00a0\u00a0\u00a0\u00a0\u00a0\u00a0\u00a0\u00a0\u00a0\u00a0\u00a0\u00a0\u00a0\u00a0\u00a0\u00a0\u00a0\u00a0\u00a0\u00a0\u00a0\u00a0\u00a0\u00a0\u00a0\u00a0\u00a0\u00a0\u00a0\u00a0\u00a0\u00a0\u00a0\u00a0\u00a0\u00a0\u00a0\u00a0\u00a0 2500 W<\/div>\n<div>&#8230;&#8230;&#8230;&#8230;&#8230;&#8230;&#8230;&#8230;&#8230;&#8230;&#8230;&#8230;&#8230;&#8230;&#8230;&#8230;&#8230;&#8230;&#8230;&#8230;&#8230;&#8230;&#8230;&#8230;&#8230;&#8230;&#8230;&#8230;&#8230;&#8230;&#8230;&#8230;&#8230;&#8230;&#8230;&#8230;&#8230;&#8230;&#8230;&#8230;&#8230;&#8230;&#8230;&#8230;&#8230;&#8230;&#8230;&#8230;&#8230;&#8230;&#8230;&#8230;&#8230;&#8230;&#8230;&#8230;&#8230;&#8230;&#8230;&#8230;&#8230;&#8230;<\/div>\n<div>\n<div><strong>4\u03a9 quadruple <\/strong>\u00a0\u00a0 \u00a0 \u00a0 \u00a0 \u00a0 \u00a0 \u00a0 \u00a0 \u00a0 \u00a0 \u00a0 \u00a0 \u00a0 \u00a0 \u00a0 \u00a0\u00a0 1910 W\u00a0\u00a0\u00a0\u00a0\u00a0\u00a0\u00a0\u00a0\u00a0\u00a0\u00a0\u00a0\u00a0\u00a0\u00a0\u00a0\u00a0\u00a0\u00a0\u00a0\u00a0\u00a0\u00a0\u00a0\u00a0\u00a0\u00a0\u00a0\u00a0\u00a0\u00a0\u00a0\u00a0\u00a0\u00a0\u00a0\u00a0\u00a0\u00a0\u00a0\u00a0\u00a0\u00a0\u00a0\u00a0\u00a0\u00a0\u00a0\u00a0\u00a0\u00a0\u00a0\u00a0\u00a0\u00a0\u00a0\u00a0\u00a0\u00a0\u00a0\u00a0\u00a0\u00a0\u00a0\u00a0\u00a0\u00a0\u00a0\u00a0\u00a0\u00a0\u00a0\u00a0 1360 W<\/div>\n<div>&#8230;&#8230;&#8230;&#8230;&#8230;&#8230;&#8230;&#8230;&#8230;&#8230;&#8230;&#8230;&#8230;&#8230;&#8230;&#8230;&#8230;&#8230;&#8230;&#8230;&#8230;&#8230;&#8230;&#8230;&#8230;&#8230;&#8230;&#8230;&#8230;&#8230;&#8230;&#8230;&#8230;&#8230;&#8230;&#8230;&#8230;&#8230;&#8230;&#8230;&#8230;&#8230;&#8230;&#8230;&#8230;&#8230;&#8230;&#8230;&#8230;&#8230;&#8230;&#8230;&#8230;&#8230;&#8230;&#8230;&#8230;&#8230;&#8230;&#8230;&#8230;&#8230;<\/div>\n<div>\n<div><strong>8\u03a9 quadruple\u00a0\u00a0\u00a0\u00a0\u00a0\u00a0\u00a0\u00a0\u00a0\u00a0\u00a0\u00a0\u00a0\u00a0\u00a0\u00a0\u00a0\u00a0\u00a0\u00a0\u00a0\u00a0\u00a0\u00a0\u00a0\u00a0\u00a0\u00a0\u00a0\u00a0\u00a0 <\/strong>1050 W\u00a0\u00a0\u00a0\u00a0\u00a0\u00a0\u00a0\u00a0\u00a0\u00a0\u00a0\u00a0\u00a0\u00a0\u00a0\u00a0\u00a0\u00a0\u00a0\u00a0\u00a0\u00a0\u00a0\u00a0\u00a0\u00a0\u00a0\u00a0\u00a0\u00a0\u00a0\u00a0\u00a0\u00a0\u00a0\u00a0\u00a0\u00a0\u00a0\u00a0\u00a0\u00a0\u00a0\u00a0\u00a0\u00a0\u00a0\u00a0\u00a0\u00a0\u00a0\u00a0\u00a0\u00a0\u00a0\u00a0\u00a0\u00a0\u00a0\u00a0\u00a0\u00a0\u00a0\u00a0\u00a0\u00a0\u00a0\u00a0\u00a0\u00a0\u00a0\u00a0\u00a0\u00a0\u00a0 750 W<\/div>\n<div>&#8230;&#8230;&#8230;&#8230;&#8230;&#8230;&#8230;&#8230;&#8230;&#8230;&#8230;&#8230;&#8230;&#8230;&#8230;&#8230;&#8230;&#8230;&#8230;&#8230;&#8230;&#8230;&#8230;&#8230;&#8230;&#8230;&#8230;&#8230;&#8230;&#8230;&#8230;&#8230;&#8230;&#8230;&#8230;&#8230;&#8230;&#8230;&#8230;&#8230;&#8230;&#8230;&#8230;&#8230;&#8230;&#8230;&#8230;&#8230;&#8230;&#8230;&#8230;&#8230;&#8230;&#8230;&#8230;&#8230;&#8230;&#8230;&#8230;&#8230;&#8230;..<\/div>\n<\/div>\n<\/div>\n<\/div>\n<p>&nbsp;<\/p>\n<table border=\"0\" width=\"560\" cellspacing=\"0\" cellpadding=\"0\">\n<tbody>\n<tr>\n<td class=\"style12\" bgcolor=\"#ccc4ac\" height=\"25\">\n<table border=\"0\" width=\"560\" cellspacing=\"0\" cellpadding=\"0\">\n<tbody>\n<tr>\n<td width=\"249\"><\/td>\n<td width=\"2\"><\/td>\n<td width=\"309\"><\/td>\n<\/tr>\n<tr>\n<td class=\"style24\" bgcolor=\"#dcd6c6\" height=\"20\">Cha\u00eenes\u00a0:<\/td>\n<td bgcolor=\"#ffffff\"><\/td>\n<td class=\"style24\" bgcolor=\"#dcd6c6\">\u00a02<\/td>\n<\/tr>\n<tr>\n<td class=\"style24\" height=\"20\">Bande passante (1W, 8\u03a9):<\/td>\n<td><\/td>\n<td class=\"style24\">10Hz-40KHz<\/td>\n<\/tr>\n<tr>\n<td class=\"style24\" bgcolor=\"#dcd6c6\" height=\"20\">Rapport signal\/bruit (pond\u00e9r\u00e9 A 20\u00a0Hz-20\u00a0KHz)\u00a0:<\/td>\n<td bgcolor=\"#ffffff\"><\/td>\n<td class=\"style24\" bgcolor=\"#dcd6c6\">&gt;100dB<\/td>\n<\/tr>\n<tr>\n<td class=\"style24\" height=\"35\">Distorsion THD\u00a0:<\/td>\n<td><\/td>\n<td class=\"style24\" height=\"35\">Max &lt; 0,5% de 0,1W \u00e0 pleine puissance<br \/>\n(typiquement &lt; 0,1%)<\/td>\n<\/tr>\n<tr>\n<td class=\"style24\" bgcolor=\"#dcd6c6\" height=\"35\">\u00a0Intermodulation distorsion DIM100:<\/td>\n<td bgcolor=\"#ffffff\"><\/td>\n<td class=\"style24\" bgcolor=\"#dcd6c6\">Max &lt; 0,02% de 0,1W \u00e0 pleine puissance<br \/>\n(typiquement &lt; 0,01%)<\/td>\n<\/tr>\n<tr>\n<td class=\"style24\" height=\"35\">\u00a0Intermodulation distorsion SMPTE:<\/td>\n<td><\/td>\n<td class=\"style24\">Max &lt; 0,5% de 0,1W \u00e0 pleine puissance<br \/>\n(typiquement &lt; 0,1%)<\/td>\n<\/tr>\n<tr>\n<td class=\"style24\" bgcolor=\"#dcd6c6\" height=\"20\">Usine d&#8217;amortissement (8\u03a9):<\/td>\n<td bgcolor=\"#ffffff\"><\/td>\n<td class=\"style24\" bgcolor=\"#dcd6c6\">&gt; 300 @ 100Hz<\/td>\n<\/tr>\n<tr>\n<td class=\"style24\" height=\"65\">Gain de tension:<\/td>\n<td><\/td>\n<td class=\"style24\">36,9dB\/1.10 Vrms (Digam5000)<br \/>\n38,2dB\/1.12 Vrms (Digam7000)<br \/>\nou<br \/>\nS\u00e9lection interne 26 dB pour les deux mod\u00e8les<\/td>\n<\/tr>\n<tr>\n<td class=\"style24\" bgcolor=\"#dcd6c6\" height=\"20\">Vitesse de balayage (8\u00a0\u03a9)\u00a0:<\/td>\n<td bgcolor=\"#ffffff\"><\/td>\n<td class=\"style24\" bgcolor=\"#dcd6c6\">50V\/\u00b5S (filtre d&#8217;entr\u00e9e contourn\u00e9)<\/td>\n<\/tr>\n<tr bgcolor=\"#ffffff\">\n<td class=\"style24\" height=\"20\"><\/td>\n<td><\/td>\n<td class=\"style24\" bgcolor=\"#ffffff\" height=\"35\"><\/td>\n<\/tr>\n<tr bgcolor=\"#ffffff\">\n<td class=\"style12\" bgcolor=\"#ccc4ac\" height=\"20\">\u00a0Power Section:<\/td>\n<td><\/td>\n<td class=\"style24\" bgcolor=\"#ccc4ac\"><\/td>\n<\/tr>\n<tr bgcolor=\"#ffffff\">\n<td class=\"style24\" height=\"20\">Tensions de ligne CA\u00a0:<\/td>\n<td><\/td>\n<td class=\"style24\" bgcolor=\"#ffffff\" height=\"35\">95 &#8211; 130V (uniquement D5000) ou 200 &#8211; 265V<br \/>\n(50 \/ 60 HZ) (D5000, D7000)<\/td>\n<\/tr>\n<tr bgcolor=\"#ffffff\">\n<td class=\"style24\" bgcolor=\"#dcd6c6\" height=\"20\">Power Factory cos (fi):<\/td>\n<td><\/td>\n<td class=\"style24\" bgcolor=\"#dcd6c6\">Plus de 0,95 de 200W \u00e0 pleine puissance<\/td>\n<\/tr>\n<tr bgcolor=\"#ffffff\">\n<td class=\"style24\" bgcolor=\"#ffffff\" height=\"35\">Environnement d&#8217;exploitation<br \/>\nTemp\u00e9rature:<\/td>\n<td><\/td>\n<td class=\"style24\">0 <sup>oC <\/sup>+45 <sup>oC <\/sup>\/<\/td>\n<\/tr>\n<tr bgcolor=\"#ffffff\">\n<td class=\"style24\" bgcolor=\"#dcd6c6\" height=\"20\">Moyenne de consommation\u00a0:<\/td>\n<td><\/td>\n<td class=\"style24\" bgcolor=\"#dcd6c6\" height=\"20\">\u00a01350 VA (D7000), 1050 VA (D5000)<\/td>\n<\/tr>\n<tr bgcolor=\"#ffffff\">\n<td class=\"style24\" bgcolor=\"#ffffff\" height=\"35\"><\/td>\n<td><\/td>\n<td class=\"style24\" bgcolor=\"#ffffff\" height=\"20\"><\/td>\n<\/tr>\n<tr bgcolor=\"#ffffff\">\n<td class=\"style12\" bgcolor=\"#ccc4ac\" height=\"25\">Entr\u00e9e sortie:<\/td>\n<td><\/td>\n<td class=\"style24\" bgcolor=\"#ccc4ac\" height=\"20\"><\/td>\n<\/tr>\n<tr bgcolor=\"#ffffff\">\n<td class=\"style24\" bgcolor=\"#ffffff\" height=\"20\">Connecteurs d&#8217;entr\u00e9e\u00a0:<\/td>\n<td><\/td>\n<td class=\"style24\" bgcolor=\"#ffffff\" height=\"35\">\u00c9quilibr\u00e9 au sol,<br \/>\nCombo XLR femelle Jack 6.3mm<\/td>\n<\/tr>\n<tr bgcolor=\"#ffffff\">\n<td class=\"style24\" bgcolor=\"#dcd6c6\" height=\"20\">Imp\u00e9dance d&#8217;entr\u00e9e:<\/td>\n<td><\/td>\n<td class=\"style24\" bgcolor=\"#dcd6c6\" height=\"20\">10 K\u03a9 chaque jambe, \u00e9quilibr\u00e9 \u00e9lectroniquement \u00e0 la terre<\/td>\n<\/tr>\n<tr bgcolor=\"#ffffff\">\n<td class=\"style24\" bgcolor=\"#ffffff\" height=\"20\">Connecteurs de sortie\u00a0:<\/td>\n<td><\/td>\n<td class=\"style24\" bgcolor=\"#ffffff\" height=\"50\">Connecteurs Neutrick <sup>R Speakon R <\/sup>p\u00f4les <sup>4 <\/sup>,<br \/>\nbroches 1+, 2+ en parall\u00e8le<br \/>\nbroches 1-, 2- en parall\u00e8le<\/td>\n<\/tr>\n<tr bgcolor=\"#ffffff\">\n<td class=\"style24\" bgcolor=\"#dcd6c6\" height=\"2\"><\/td>\n<td><\/td>\n<td class=\"style24\" bgcolor=\"#dcd6c6\" height=\"2\"><\/td>\n<\/tr>\n<tr bgcolor=\"#ffffff\">\n<td class=\"style24\" bgcolor=\"#ffffff\" height=\"20\"><\/td>\n<td><\/td>\n<td class=\"style24\" bgcolor=\"#ffffff\" height=\"35\"><\/td>\n<\/tr>\n<tr bgcolor=\"#ffffff\">\n<td class=\"style12\" bgcolor=\"#ccc4ac\" height=\"20\">\u00a0Protections:<\/td>\n<td><\/td>\n<td class=\"style24\" bgcolor=\"#ccc4ac\" height=\"20\"><\/td>\n<\/tr>\n<tr bgcolor=\"#ffffff\">\n<td class=\"style24\" height=\"20\">\u00a0DC protection:<\/td>\n<td><\/td>\n<td class=\"style24\" height=\"20\">prot\u00e8ge contre les signaux infrasonores<\/td>\n<\/tr>\n<tr bgcolor=\"#ffffff\">\n<td class=\"style24\" bgcolor=\"#dcd6c6\" height=\"20\">\u00a0VHF protection:<\/td>\n<td><\/td>\n<td class=\"style24\" bgcolor=\"#dcd6c6\" height=\"50\">prot\u00e8ge les haut-parleurs contre les fortes<br \/>\nsignaux non musicaux \u00e0 haute fr\u00e9quence ci-dessus<br \/>\nla plage audible.<\/td>\n<\/tr>\n<tr bgcolor=\"#ffffff\">\n<td class=\"style24\" height=\"20\">Protection thermique:<\/td>\n<td><\/td>\n<td class=\"style24\" height=\"65\">emp\u00eache la surchauffe de l&#8217;amplificateur.<br \/>\nLes voyants de protection sur le panneau avant sont<br \/>\nallum\u00e9, en guise d&#8217;avertissement, avant<br \/>\nle processus de protection est lanc\u00e9.<\/td>\n<\/tr>\n<tr bgcolor=\"#ffffff\">\n<td class=\"style24\" bgcolor=\"#dcd6c6\" height=\"20\">\u00a0AC protection:<\/td>\n<td><\/td>\n<td class=\"style24\" bgcolor=\"#dcd6c6\" height=\"35\">coupe l&#8217;alimentation si la tension secteur<br \/>\nest en dehors de la tension de fonctionnement.<\/td>\n<\/tr>\n<tr bgcolor=\"#ffffff\">\n<td class=\"style24\" height=\"20\">\u00a0Clip limiter:<\/td>\n<td><\/td>\n<td class=\"style24\" height=\"50\">emp\u00eache les formes d&#8217;onde fortement \u00e9cr\u00eat\u00e9es de<br \/>\natteignant les haut-parleurs, tout en maintenant<br \/>\npleine puissance de cr\u00eate.<\/td>\n<\/tr>\n<tr bgcolor=\"#ffffff\">\n<td class=\"style24\" bgcolor=\"#dcd6c6\" height=\"2\"><\/td>\n<td><\/td>\n<td class=\"style24\" bgcolor=\"#dcd6c6\" height=\"2\"><\/td>\n<\/tr>\n<tr bgcolor=\"#ffffff\">\n<td class=\"style24\" height=\"20\"><\/td>\n<td><\/td>\n<td class=\"style24\" bgcolor=\"#ffffff\" height=\"35\"><\/td>\n<\/tr>\n<tr bgcolor=\"#ffffff\">\n<td class=\"style24\" bgcolor=\"#ccc4ac\" height=\"20\">Commandes \/ Indicateurs\u00a0:<\/td>\n<td><\/td>\n<td class=\"style24\" bgcolor=\"#ccc4ac\" height=\"25\"><\/td>\n<\/tr>\n<tr bgcolor=\"#ffffff\">\n<td class=\"style24\" height=\"20\">Panneau avant:<\/td>\n<td><\/td>\n<td class=\"style24\" bgcolor=\"#ffffff\" height=\"35\">Indicateur de barre LED, signal, protection, temp\u00e9rature, pr\u00eat.<br \/>\nBoutons de contr\u00f4le de gain de canal.<\/td>\n<\/tr>\n<tr bgcolor=\"#ffffff\">\n<td bgcolor=\"#dcd6c6\" height=\"2\"><\/td>\n<td><\/td>\n<td bgcolor=\"#dcd6c6\" height=\"2\"><\/td>\n<\/tr>\n<tr bgcolor=\"#ffffff\">\n<td class=\"style24\" height=\"20\"><\/td>\n<td><\/td>\n<td class=\"style24\" bgcolor=\"#ffffff\" height=\"35\"><\/td>\n<\/tr>\n<tr bgcolor=\"#ffffff\">\n<td class=\"style24\" bgcolor=\"#ccc4ac\" height=\"20\">\u00a0Construction:<\/td>\n<td><\/td>\n<td class=\"style24\" bgcolor=\"#ccc4ac\" height=\"25\"><\/td>\n<\/tr>\n<tr bgcolor=\"#ffffff\">\n<td class=\"style24\" bgcolor=\"#ffffff\" height=\"25\">Dimension externe:<\/td>\n<td><\/td>\n<td class=\"style24\" bgcolor=\"#ffffff\" height=\"50\">Rack standard 19&#8243; &#8211; 1 unit\u00e9 (HxLxP)<br \/>\n44x482x455mm<br \/>\nPoids : 9,5Kg<\/td>\n<\/tr>\n<\/tbody>\n<\/table>\n<\/td>\n<\/tr>\n<\/tbody>\n<\/table>\n","protected":false},"excerpt":{"rendered":"<p>Le <strong>POWERSOFT Digam 7000<\/strong> est un amplificateur de sono 2 canaux<\/p>\n<p>Powersoft Digam 7000 \u2013 2x 1050W (8Ohms) ou 2x 1910W (4Ohms)<\/p>\n","protected":false},"featured_media":198,"comment_status":"open","ping_status":"closed","template":"","meta":[],"product_brand":[],"product_cat":[51,50],"product_tag":[76],"class_list":{"0":"post-197","1":"product","2":"type-product","3":"status-publish","4":"has-post-thumbnail","6":"product_cat-amplification","7":"product_cat-sonorisation","8":"product_tag-amplification","10":"first","11":"instock","12":"taxable","13":"shipping-taxable","14":"product-type-simple"},"yoast_head":"<!-- This site is optimized with the Yoast SEO plugin v27.4 - https:\/\/yoast.com\/product\/yoast-seo-wordpress\/ -->\n<title>location-sonorisation<\/title>\n<meta name=\"description\" content=\"Produit-location-sonorisation-global acoustic-Plus de 30 ans d\u2019exp\u00e9rience \u00e0 votre service.\" \/>\n<meta name=\"robots\" content=\"index, follow, max-snippet:-1, max-image-preview:large, max-video-preview:-1\" \/>\n<link rel=\"canonical\" href=\"https:\/\/globalacoustic.fr\/index.php\/produit\/powersoft-digam-7000-2x1050-w\/\" \/>\n<meta property=\"og:locale\" content=\"en_US\" \/>\n<meta property=\"og:type\" content=\"article\" \/>\n<meta property=\"og:title\" content=\"location-sonorisation\" \/>\n<meta property=\"og:description\" content=\"Produit-location-sonorisation-global acoustic-Plus de 30 ans d\u2019exp\u00e9rience \u00e0 votre service.\" \/>\n<meta property=\"og:url\" content=\"https:\/\/globalacoustic.fr\/index.php\/produit\/powersoft-digam-7000-2x1050-w\/\" \/>\n<meta property=\"og:site_name\" content=\"Global Acoustic\" \/>\n<meta property=\"article:publisher\" content=\"https:\/\/m.facebook.com\/p\/Global-Acoustic-100070827399345\/\" \/>\n<meta property=\"article:modified_time\" content=\"2022-04-28T07:38:15+00:00\" \/>\n<meta property=\"og:image\" content=\"https:\/\/globalacoustic.fr\/wp-content\/uploads\/2022\/04\/Ampli-de-sono-2-canaux-POWERSOFT-Digam-7000-1.jpg\" \/>\n\t<meta property=\"og:image:width\" content=\"980\" \/>\n\t<meta property=\"og:image:height\" content=\"350\" \/>\n\t<meta property=\"og:image:type\" content=\"image\/jpeg\" \/>\n<meta name=\"twitter:card\" content=\"summary_large_image\" \/>\n<meta name=\"twitter:label1\" content=\"Est. reading time\" \/>\n\t<meta name=\"twitter:data1\" content=\"3 minutes\" \/>\n<script type=\"application\/ld+json\" class=\"yoast-schema-graph\">{\"@context\":\"https:\\\/\\\/schema.org\",\"@graph\":[{\"@type\":\"WebPage\",\"@id\":\"https:\\\/\\\/globalacoustic.fr\\\/index.php\\\/produit\\\/powersoft-digam-7000-2x1050-w\\\/\",\"url\":\"https:\\\/\\\/globalacoustic.fr\\\/index.php\\\/produit\\\/powersoft-digam-7000-2x1050-w\\\/\",\"name\":\"location-sonorisation\",\"isPartOf\":{\"@id\":\"https:\\\/\\\/globalacoustic.fr\\\/#website\"},\"primaryImageOfPage\":{\"@id\":\"https:\\\/\\\/globalacoustic.fr\\\/index.php\\\/produit\\\/powersoft-digam-7000-2x1050-w\\\/#primaryimage\"},\"image\":{\"@id\":\"https:\\\/\\\/globalacoustic.fr\\\/index.php\\\/produit\\\/powersoft-digam-7000-2x1050-w\\\/#primaryimage\"},\"thumbnailUrl\":\"https:\\\/\\\/globalacoustic.fr\\\/wp-content\\\/uploads\\\/2022\\\/04\\\/Ampli-de-sono-2-canaux-POWERSOFT-Digam-7000-1.jpg\",\"datePublished\":\"2022-04-28T07:37:20+00:00\",\"dateModified\":\"2022-04-28T07:38:15+00:00\",\"description\":\"Produit-location-sonorisation-global acoustic-Plus de 30 ans d\u2019exp\u00e9rience \u00e0 votre service.\",\"breadcrumb\":{\"@id\":\"https:\\\/\\\/globalacoustic.fr\\\/index.php\\\/produit\\\/powersoft-digam-7000-2x1050-w\\\/#breadcrumb\"},\"inLanguage\":\"en-US\",\"potentialAction\":[{\"@type\":\"ReadAction\",\"target\":[\"https:\\\/\\\/globalacoustic.fr\\\/index.php\\\/produit\\\/powersoft-digam-7000-2x1050-w\\\/\"]}]},{\"@type\":\"ImageObject\",\"inLanguage\":\"en-US\",\"@id\":\"https:\\\/\\\/globalacoustic.fr\\\/index.php\\\/produit\\\/powersoft-digam-7000-2x1050-w\\\/#primaryimage\",\"url\":\"https:\\\/\\\/globalacoustic.fr\\\/wp-content\\\/uploads\\\/2022\\\/04\\\/Ampli-de-sono-2-canaux-POWERSOFT-Digam-7000-1.jpg\",\"contentUrl\":\"https:\\\/\\\/globalacoustic.fr\\\/wp-content\\\/uploads\\\/2022\\\/04\\\/Ampli-de-sono-2-canaux-POWERSOFT-Digam-7000-1.jpg\",\"width\":980,\"height\":350},{\"@type\":\"BreadcrumbList\",\"@id\":\"https:\\\/\\\/globalacoustic.fr\\\/index.php\\\/produit\\\/powersoft-digam-7000-2x1050-w\\\/#breadcrumb\",\"itemListElement\":[{\"@type\":\"ListItem\",\"position\":1,\"name\":\"Accueil\",\"item\":\"https:\\\/\\\/globalacoustic.fr\\\/\"},{\"@type\":\"ListItem\",\"position\":2,\"name\":\"Location\",\"item\":\"https:\\\/\\\/globalacoustic.fr\\\/index.php\\\/location\\\/\"},{\"@type\":\"ListItem\",\"position\":3,\"name\":\"POWERSOFT \u2013 Digam 7000 2X1050 W\"}]},{\"@type\":\"WebSite\",\"@id\":\"https:\\\/\\\/globalacoustic.fr\\\/#website\",\"url\":\"https:\\\/\\\/globalacoustic.fr\\\/\",\"name\":\"Global Acoustic\",\"description\":\"Le bon choix, au bon moment. Global Acoustic\",\"publisher\":{\"@id\":\"https:\\\/\\\/globalacoustic.fr\\\/#organization\"},\"alternateName\":\"globalacoustic.fr\",\"potentialAction\":[{\"@type\":\"SearchAction\",\"target\":{\"@type\":\"EntryPoint\",\"urlTemplate\":\"https:\\\/\\\/globalacoustic.fr\\\/?s={search_term_string}\"},\"query-input\":{\"@type\":\"PropertyValueSpecification\",\"valueRequired\":true,\"valueName\":\"search_term_string\"}}],\"inLanguage\":\"en-US\"},{\"@type\":\"Organization\",\"@id\":\"https:\\\/\\\/globalacoustic.fr\\\/#organization\",\"name\":\"Global Acoustic\",\"url\":\"https:\\\/\\\/globalacoustic.fr\\\/\",\"logo\":{\"@type\":\"ImageObject\",\"inLanguage\":\"en-US\",\"@id\":\"https:\\\/\\\/globalacoustic.fr\\\/#\\\/schema\\\/logo\\\/image\\\/\",\"url\":\"https:\\\/\\\/globalacoustic.fr\\\/wp-content\\\/uploads\\\/2022\\\/04\\\/cropped-logo-global-acoustic.jpg\",\"contentUrl\":\"https:\\\/\\\/globalacoustic.fr\\\/wp-content\\\/uploads\\\/2022\\\/04\\\/cropped-logo-global-acoustic.jpg\",\"width\":1080,\"height\":398,\"caption\":\"Global Acoustic\"},\"image\":{\"@id\":\"https:\\\/\\\/globalacoustic.fr\\\/#\\\/schema\\\/logo\\\/image\\\/\"},\"sameAs\":[\"https:\\\/\\\/m.facebook.com\\\/p\\\/Global-Acoustic-100070827399345\\\/\"]}]}<\/script>\n<!-- \/ Yoast SEO plugin. -->","yoast_head_json":{"title":"location-sonorisation","description":"Produit-location-sonorisation-global acoustic-Plus de 30 ans d\u2019exp\u00e9rience \u00e0 votre service.","robots":{"index":"index","follow":"follow","max-snippet":"max-snippet:-1","max-image-preview":"max-image-preview:large","max-video-preview":"max-video-preview:-1"},"canonical":"https:\/\/globalacoustic.fr\/index.php\/produit\/powersoft-digam-7000-2x1050-w\/","og_locale":"en_US","og_type":"article","og_title":"location-sonorisation","og_description":"Produit-location-sonorisation-global acoustic-Plus de 30 ans d\u2019exp\u00e9rience \u00e0 votre service.","og_url":"https:\/\/globalacoustic.fr\/index.php\/produit\/powersoft-digam-7000-2x1050-w\/","og_site_name":"Global Acoustic","article_publisher":"https:\/\/m.facebook.com\/p\/Global-Acoustic-100070827399345\/","article_modified_time":"2022-04-28T07:38:15+00:00","og_image":[{"width":980,"height":350,"url":"https:\/\/globalacoustic.fr\/wp-content\/uploads\/2022\/04\/Ampli-de-sono-2-canaux-POWERSOFT-Digam-7000-1.jpg","type":"image\/jpeg"}],"twitter_card":"summary_large_image","twitter_misc":{"Est. reading time":"3 minutes"},"schema":{"@context":"https:\/\/schema.org","@graph":[{"@type":"WebPage","@id":"https:\/\/globalacoustic.fr\/index.php\/produit\/powersoft-digam-7000-2x1050-w\/","url":"https:\/\/globalacoustic.fr\/index.php\/produit\/powersoft-digam-7000-2x1050-w\/","name":"location-sonorisation","isPartOf":{"@id":"https:\/\/globalacoustic.fr\/#website"},"primaryImageOfPage":{"@id":"https:\/\/globalacoustic.fr\/index.php\/produit\/powersoft-digam-7000-2x1050-w\/#primaryimage"},"image":{"@id":"https:\/\/globalacoustic.fr\/index.php\/produit\/powersoft-digam-7000-2x1050-w\/#primaryimage"},"thumbnailUrl":"https:\/\/globalacoustic.fr\/wp-content\/uploads\/2022\/04\/Ampli-de-sono-2-canaux-POWERSOFT-Digam-7000-1.jpg","datePublished":"2022-04-28T07:37:20+00:00","dateModified":"2022-04-28T07:38:15+00:00","description":"Produit-location-sonorisation-global acoustic-Plus de 30 ans d\u2019exp\u00e9rience \u00e0 votre service.","breadcrumb":{"@id":"https:\/\/globalacoustic.fr\/index.php\/produit\/powersoft-digam-7000-2x1050-w\/#breadcrumb"},"inLanguage":"en-US","potentialAction":[{"@type":"ReadAction","target":["https:\/\/globalacoustic.fr\/index.php\/produit\/powersoft-digam-7000-2x1050-w\/"]}]},{"@type":"ImageObject","inLanguage":"en-US","@id":"https:\/\/globalacoustic.fr\/index.php\/produit\/powersoft-digam-7000-2x1050-w\/#primaryimage","url":"https:\/\/globalacoustic.fr\/wp-content\/uploads\/2022\/04\/Ampli-de-sono-2-canaux-POWERSOFT-Digam-7000-1.jpg","contentUrl":"https:\/\/globalacoustic.fr\/wp-content\/uploads\/2022\/04\/Ampli-de-sono-2-canaux-POWERSOFT-Digam-7000-1.jpg","width":980,"height":350},{"@type":"BreadcrumbList","@id":"https:\/\/globalacoustic.fr\/index.php\/produit\/powersoft-digam-7000-2x1050-w\/#breadcrumb","itemListElement":[{"@type":"ListItem","position":1,"name":"Accueil","item":"https:\/\/globalacoustic.fr\/"},{"@type":"ListItem","position":2,"name":"Location","item":"https:\/\/globalacoustic.fr\/index.php\/location\/"},{"@type":"ListItem","position":3,"name":"POWERSOFT \u2013 Digam 7000 2X1050 W"}]},{"@type":"WebSite","@id":"https:\/\/globalacoustic.fr\/#website","url":"https:\/\/globalacoustic.fr\/","name":"Global Acoustic","description":"Le bon choix, au bon moment. Global Acoustic","publisher":{"@id":"https:\/\/globalacoustic.fr\/#organization"},"alternateName":"globalacoustic.fr","potentialAction":[{"@type":"SearchAction","target":{"@type":"EntryPoint","urlTemplate":"https:\/\/globalacoustic.fr\/?s={search_term_string}"},"query-input":{"@type":"PropertyValueSpecification","valueRequired":true,"valueName":"search_term_string"}}],"inLanguage":"en-US"},{"@type":"Organization","@id":"https:\/\/globalacoustic.fr\/#organization","name":"Global Acoustic","url":"https:\/\/globalacoustic.fr\/","logo":{"@type":"ImageObject","inLanguage":"en-US","@id":"https:\/\/globalacoustic.fr\/#\/schema\/logo\/image\/","url":"https:\/\/globalacoustic.fr\/wp-content\/uploads\/2022\/04\/cropped-logo-global-acoustic.jpg","contentUrl":"https:\/\/globalacoustic.fr\/wp-content\/uploads\/2022\/04\/cropped-logo-global-acoustic.jpg","width":1080,"height":398,"caption":"Global Acoustic"},"image":{"@id":"https:\/\/globalacoustic.fr\/#\/schema\/logo\/image\/"},"sameAs":["https:\/\/m.facebook.com\/p\/Global-Acoustic-100070827399345\/"]}]}},"jetpack_sharing_enabled":true,"_links":{"self":[{"href":"https:\/\/globalacoustic.fr\/index.php\/wp-json\/wp\/v2\/product\/197","targetHints":{"allow":["GET"]}}],"collection":[{"href":"https:\/\/globalacoustic.fr\/index.php\/wp-json\/wp\/v2\/product"}],"about":[{"href":"https:\/\/globalacoustic.fr\/index.php\/wp-json\/wp\/v2\/types\/product"}],"replies":[{"embeddable":true,"href":"https:\/\/globalacoustic.fr\/index.php\/wp-json\/wp\/v2\/comments?post=197"}],"wp:featuredmedia":[{"embeddable":true,"href":"https:\/\/globalacoustic.fr\/index.php\/wp-json\/wp\/v2\/media\/198"}],"wp:attachment":[{"href":"https:\/\/globalacoustic.fr\/index.php\/wp-json\/wp\/v2\/media?parent=197"}],"wp:term":[{"taxonomy":"product_brand","embeddable":true,"href":"https:\/\/globalacoustic.fr\/index.php\/wp-json\/wp\/v2\/product_brand?post=197"},{"taxonomy":"product_cat","embeddable":true,"href":"https:\/\/globalacoustic.fr\/index.php\/wp-json\/wp\/v2\/product_cat?post=197"},{"taxonomy":"product_tag","embeddable":true,"href":"https:\/\/globalacoustic.fr\/index.php\/wp-json\/wp\/v2\/product_tag?post=197"}],"curies":[{"name":"wp","href":"https:\/\/api.w.org\/{rel}","templated":true}]}}